{"id":116,"date":"2016-02-28T23:56:36","date_gmt":"2016-02-28T21:56:36","guid":{"rendered":"http:\/\/trailrun.ee\/en\/?page_id=116"},"modified":"2019-11-25T12:21:01","modified_gmt":"2019-11-25T10:21:01","slug":"paaskula-raba-maraton","status":"publish","type":"page","link":"https:\/\/trailrun.ee\/en\/results\/paaskula-raba-maraton\/","title":{"rendered":"P\u00e4\u00e4sk\u00fcla raba maraton"},"content":{"rendered":"<p><a class=\"btn\" href=\"http:\/\/trailrun.ee\/wp-content\/uploads\/2016\/02\/passa1.pdf\" target=\"_blank\" rel=\"noopener noreferrer\">P\u00e4\u00e4sk\u00fcla raba marathon 23.11.2013<\/a> <a class=\"btn\" href=\"http:\/\/trailrun.ee\/wp-content\/uploads\/2016\/02\/passa_1_23.11.2013_laps.xls\" target=\"_blank\" rel=\"noopener noreferrer\">Laps<\/a><\/p>\n<p><a class=\"btn\" href=\"http:\/\/trailrun.ee\/wp-content\/uploads\/2016\/02\/passa2.pdf\" target=\"_blank\" rel=\"noopener noreferrer\">P\u00e4\u00e4sk\u00fcla 2nd raba marathon 24.1.2014<\/a> <a class=\"btn\" href=\"http:\/\/trailrun.ee\/wp-content\/uploads\/2016\/02\/passa_2_24.01.2014_laps.xls\" target=\"_blank\" rel=\"noopener noreferrer\">Laps<\/a><\/p>\n<p><a class=\"btn\" href=\"http:\/\/trailrun.ee\/wp-content\/uploads\/2016\/02\/passa3.pdf\" target=\"_blank\" rel=\"noopener noreferrer\">P\u00e4\u00e4sk\u00fcla 3rd raba marathon 15.3.2014<\/a> <a class=\"btn\" href=\"http:\/\/trailrun.ee\/wp-content\/uploads\/2016\/02\/passa_3_15.03.2014_laps.xls\" target=\"_blank\" rel=\"noopener noreferrer\">Laps<\/a><\/p>\n<p><a class=\"btn\" href=\"http:\/\/trailrun.ee\/wp-content\/uploads\/2016\/02\/passa4.pdf\" target=\"_blank\" rel=\"noopener noreferrer\">P\u00e4\u00e4sk\u00fcla 4th charity raba marathon 22.11.2014<\/a><\/p>\n<p><a class=\"btn\" href=\"http:\/\/trailrun.ee\/wp-content\/uploads\/2016\/02\/passa5.pdf\" target=\"_blank\" rel=\"noopener noreferrer\">P\u00e4\u00e4sk\u00fcla 5th raba marathon 23.1.2015<\/a> <a class=\"btn\" href=\"http:\/\/trailrun.ee\/wp-content\/uploads\/2016\/02\/passa_5_17.01.2015_laps.xls\" target=\"_blank\" rel=\"noopener noreferrer\">Laps<\/a><\/p>\n<p><a class=\"btn\" href=\"http:\/\/trailrun.ee\/wp-content\/uploads\/2016\/02\/passa6.pdf\" target=\"_blank\" rel=\"noopener noreferrer\">P\u00e4\u00e4sk\u00fcla 6th raba marathon 4.4.2015<\/a> <a class=\"btn\" href=\"http:\/\/trailrun.ee\/wp-content\/uploads\/2016\/02\/passa_6_04.04.2015_laps.xls\" target=\"_blank\" rel=\"noopener noreferrer\">Laps<\/a><\/p>\n<p><a class=\"btn\" href=\"http:\/\/trailrun.ee\/wp-content\/uploads\/2016\/02\/passa7.pdf\" target=\"_blank\" rel=\"noopener noreferrer\">P\u00e4\u00e4sk\u00fcla 7th charity raba marathon 23.11.2015<\/a><\/p>\n<p><a class=\"btn\" href=\"http:\/\/trailrun.ee\/wp-content\/uploads\/2016\/02\/passa8.pdf\" target=\"_blank\" rel=\"noopener noreferrer\">P\u00e4\u00e4sk\u00fcla 8th raba marathon 16.1.2016<\/a> <a class=\"btn\" href=\"http:\/\/trailrun.ee\/wp-content\/uploads\/2016\/02\/passa_8_16.01.2016_laps.xls\" target=\"_blank\" rel=\"noopener noreferrer\">Laps<\/a><\/p>\n<p><a class=\"btn\" href=\"http:\/\/trailrun.ee\/wp-content\/uploads\/2016\/11\/results_9_2016.pdf\">P\u00e4\u00e4sk\u00fcla 9th raba marathon 17.4.2016<\/a> <a class=\"btn\" href=\"http:\/\/trailrun.ee\/wp-content\/uploads\/2016\/11\/results_9_2016_ring.xls\">Laps<\/a><\/p>\n<p><a class=\"btn\" href=\"http:\/\/trailrun.ee\/wp-content\/uploads\/2016\/11\/results_10_2017.pdf\">P\u00e4\u00e4sk\u00fcla 10th charity raba marathon 19.11.2016<\/a> <a class=\"btn\" href=\"http:\/\/trailrun.ee\/wp-content\/uploads\/2016\/11\/results_10_2016_ring.xls\">Laps<\/a><\/p>\n<p><a class=\"btn\" href=\"http:\/\/trailrun.ee\/wp-content\/uploads\/2017\/01\/tulemused_11_2017.pdf\">P\u00e4\u00e4sk\u00fcla 11th raba marathon 7.01.2017<\/a> <a class=\"btn\" href=\"http:\/\/trailrun.ee\/wp-content\/uploads\/2017\/01\/ringiajad_11.xls\">Laps<\/a><\/p>\n<p><a class=\"btn\" href=\"http:\/\/trailrun.ee\/wp-content\/uploads\/2017\/02\/tulemused_12_2017.pdf\">P\u00e4\u00e4sk\u00fcla 12th raba marathon 4.02.2017<\/a> <a class=\"btn\" href=\"http:\/\/trailrun.ee\/wp-content\/uploads\/2017\/02\/ringiajad_12.xls\">Laps<\/a><\/p>\n<p><a class=\"btn\" href=\"http:\/\/trailrun.ee\/wp-content\/uploads\/2017\/03\/tulemused_13_2017.pdf\">P\u00e4\u00e4sk\u00fcla 13th raba marathon 18.03.2017<\/a> <a class=\"btn\" href=\"http:\/\/trailrun.ee\/wp-content\/uploads\/2017\/03\/ringiajad_13.xls\">Laps<\/a><\/p>\n<p><a class=\"btn\" href=\"https:\/\/trailrun.ee\/wp-content\/uploads\/2018\/11\/tulemused_14.pdf\">P\u00e4\u00e4sk\u00fcla 14th raba marathon 15.04.2017<\/a> <a class=\"btn\" href=\"https:\/\/trailrun.ee\/wp-content\/uploads\/2018\/11\/ringiajad_14.xls\">Laps<\/a><\/p>\n<p><a class=\"btn\" href=\"https:\/\/trailrun.ee\/wp-content\/uploads\/2018\/11\/tulemused_15.pdf\">P\u00e4\u00e4sk\u00fcla 15th Charity raba marathon 18.11.2017<\/a> <a class=\"btn\" href=\"https:\/\/trailrun.ee\/wp-content\/uploads\/2018\/1\/ringiajad_15.xls\">Laps<\/a><\/p>\n<p><a class=\"btn\" href=\"https:\/\/trailrun.ee\/wp-content\/uploads\/2018\/11\/tulemused_16_2018.pdf\">P\u00e4\u00e4sk\u00fcla 16th raba marathon 6.01.2018<\/a> <a class=\"btn\" href=\"https:\/\/trailrun.ee\/wp-content\/uploads\/2018\/11\/ringiajad_16.xls\">Laps<\/a><\/p>\n<p><a class=\"btn\" href=\"https:\/\/trailrun.ee\/wp-content\/uploads\/2018\/11\/tulemused_17_2018.pdf\">P\u00e4\u00e4sk\u00fcla 17th Charity raba marathon 17.11.2018<\/a> <a class=\"btn\" href=\"https:\/\/trailrun.ee\/wp-content\/uploads\/2018\/11\/ringiajad_17.xls\">Laps<\/a><\/p>\n<p><a class=\"btn\" href=\"https:\/\/trailrun.ee\/wp-content\/uploads\/2019\/11\/tulemused_18_2019.pdf\">P\u00e4\u00e4sk\u00fcla 18th Charity raba marathon 23.11.2019<\/a> <a class=\"btn\" href=\"https:\/\/trailrun.ee\/wp-content\/uploads\/2019\/11\/ringiajad_18.xlsx\">Laps<\/a><\/p>\n","protected":false},"excerpt":{"rendered":"<p>P\u00e4\u00e4sk\u00fcla raba marathon 23.11.2013 Laps P\u00e4\u00e4sk\u00fcla 2nd raba marathon 24.1.2014 Laps P\u00e4\u00e4sk\u00fcla 3rd raba marathon 15.3.2014 Laps P\u00e4\u00e4sk\u00fcla 4th charity raba marathon 22.11.2014 P\u00e4\u00e4sk\u00fcla 5th raba marathon 23.1.2015 Laps P\u00e4\u00e4sk\u00fcla 6th raba marathon 4.4.2015 Laps P\u00e4\u00e4sk\u00fcla 7th charity raba marathon 23.11.2015 P\u00e4\u00e4sk\u00fcla 8th raba marathon 16.1.2016 Laps P\u00e4\u00e4sk\u00fcla 9th raba marathon 17.4.2016 Laps P\u00e4\u00e4sk\u00fcla 10th [&hellip;]<\/p>\n","protected":false},"author":1,"featured_media":0,"parent":72,"menu_order":0,"comment_status":"closed","ping_status":"closed","template":"","meta":{"_acf_changed":false,"footnotes":""},"class_list":["post-116","page","type-page","status-publish","hentry"],"acf":[],"yoast_head":"<!-- This site is optimized with the Yoast SEO plugin v27.4 - https:\/\/yoast.com\/product\/yoast-seo-wordpress\/ -->\n<title>P\u00e4\u00e4sk\u00fcla raba maraton - trailrun.ee<\/title>\n<meta name=\"robots\" content=\"index, follow, max-snippet:-1, max-image-preview:large, max-video-preview:-1\" \/>\n<link rel=\"canonical\" href=\"https:\/\/trailrun.ee\/en\/results\/paaskula-raba-maraton\/\" \/>\n<meta property=\"og:locale\" content=\"en_US\" \/>\n<meta property=\"og:type\" content=\"article\" \/>\n<meta property=\"og:title\" content=\"P\u00e4\u00e4sk\u00fcla raba maraton - trailrun.ee\" \/>\n<meta property=\"og:description\" content=\"P\u00e4\u00e4sk\u00fcla raba marathon 23.11.2013 Laps P\u00e4\u00e4sk\u00fcla 2nd raba marathon 24.1.2014 Laps P\u00e4\u00e4sk\u00fcla 3rd raba marathon 15.3.2014 Laps P\u00e4\u00e4sk\u00fcla 4th charity raba marathon 22.11.2014 P\u00e4\u00e4sk\u00fcla 5th raba marathon 23.1.2015 Laps P\u00e4\u00e4sk\u00fcla 6th raba marathon 4.4.2015 Laps P\u00e4\u00e4sk\u00fcla 7th charity raba marathon 23.11.2015 P\u00e4\u00e4sk\u00fcla 8th raba marathon 16.1.2016 Laps P\u00e4\u00e4sk\u00fcla 9th raba marathon 17.4.2016 Laps P\u00e4\u00e4sk\u00fcla 10th [&hellip;]\" \/>\n<meta property=\"og:url\" content=\"https:\/\/trailrun.ee\/en\/results\/paaskula-raba-maraton\/\" \/>\n<meta property=\"og:site_name\" content=\"trailrun.ee\" \/>\n<meta property=\"article:publisher\" content=\"https:\/\/www.facebook.com\/haanjaultra100\" \/>\n<meta property=\"article:modified_time\" content=\"2019-11-25T10:21:01+00:00\" \/>\n<meta property=\"og:image\" content=\"https:\/\/trailrun.ee\/wp-content\/uploads\/2016\/02\/trailrun_logo.png\" \/>\n\t<meta property=\"og:image:width\" content=\"174\" \/>\n\t<meta property=\"og:image:height\" content=\"90\" \/>\n\t<meta property=\"og:image:type\" content=\"image\/png\" \/>\n<meta name=\"twitter:card\" content=\"summary_large_image\" \/>\n<meta name=\"twitter:label1\" content=\"Est. reading time\" \/>\n\t<meta name=\"twitter:data1\" content=\"1 minute\" \/>\n<script type=\"application\/ld+json\" class=\"yoast-schema-graph\">{\"@context\":\"https:\\\/\\\/schema.org\",\"@graph\":[{\"@type\":\"WebPage\",\"@id\":\"https:\\\/\\\/trailrun.ee\\\/en\\\/results\\\/paaskula-raba-maraton\\\/\",\"url\":\"https:\\\/\\\/trailrun.ee\\\/en\\\/results\\\/paaskula-raba-maraton\\\/\",\"name\":\"P\u00e4\u00e4sk\u00fcla raba maraton - trailrun.ee\",\"isPartOf\":{\"@id\":\"https:\\\/\\\/trailrun.ee\\\/en\\\/#website\"},\"datePublished\":\"2016-02-28T21:56:36+00:00\",\"dateModified\":\"2019-11-25T10:21:01+00:00\",\"breadcrumb\":{\"@id\":\"https:\\\/\\\/trailrun.ee\\\/en\\\/results\\\/paaskula-raba-maraton\\\/#breadcrumb\"},\"inLanguage\":\"en-US\",\"potentialAction\":[{\"@type\":\"ReadAction\",\"target\":[\"https:\\\/\\\/trailrun.ee\\\/en\\\/results\\\/paaskula-raba-maraton\\\/\"]}]},{\"@type\":\"BreadcrumbList\",\"@id\":\"https:\\\/\\\/trailrun.ee\\\/en\\\/results\\\/paaskula-raba-maraton\\\/#breadcrumb\",\"itemListElement\":[{\"@type\":\"ListItem\",\"position\":1,\"name\":\"Home\",\"item\":\"https:\\\/\\\/trailrun.ee\\\/en\\\/\"},{\"@type\":\"ListItem\",\"position\":2,\"name\":\"Results\",\"item\":\"https:\\\/\\\/trailrun.ee\\\/en\\\/results\\\/\"},{\"@type\":\"ListItem\",\"position\":3,\"name\":\"P\u00e4\u00e4sk\u00fcla raba maraton\"}]},{\"@type\":\"WebSite\",\"@id\":\"https:\\\/\\\/trailrun.ee\\\/en\\\/#website\",\"url\":\"https:\\\/\\\/trailrun.ee\\\/en\\\/\",\"name\":\"trailrun.ee\",\"description\":\"R\u00f5uge Trail Run, P\u00e4\u00e4sk\u00fcla raba maraton, Haanja 100Ultra\",\"publisher\":{\"@id\":\"https:\\\/\\\/trailrun.ee\\\/en\\\/#organization\"},\"potentialAction\":[{\"@type\":\"SearchAction\",\"target\":{\"@type\":\"EntryPoint\",\"urlTemplate\":\"https:\\\/\\\/trailrun.ee\\\/en\\\/?s={search_term_string}\"},\"query-input\":{\"@type\":\"PropertyValueSpecification\",\"valueRequired\":true,\"valueName\":\"search_term_string\"}}],\"inLanguage\":\"en-US\"},{\"@type\":\"Organization\",\"@id\":\"https:\\\/\\\/trailrun.ee\\\/en\\\/#organization\",\"name\":\"trailrun.ee\",\"url\":\"https:\\\/\\\/trailrun.ee\\\/en\\\/\",\"logo\":{\"@type\":\"ImageObject\",\"inLanguage\":\"en-US\",\"@id\":\"https:\\\/\\\/trailrun.ee\\\/en\\\/#\\\/schema\\\/logo\\\/image\\\/\",\"url\":\"https:\\\/\\\/trailrun.ee\\\/wp-content\\\/uploads\\\/2016\\\/02\\\/trailrun_logo.png\",\"contentUrl\":\"https:\\\/\\\/trailrun.ee\\\/wp-content\\\/uploads\\\/2016\\\/02\\\/trailrun_logo.png\",\"width\":174,\"height\":90,\"caption\":\"trailrun.ee\"},\"image\":{\"@id\":\"https:\\\/\\\/trailrun.ee\\\/en\\\/#\\\/schema\\\/logo\\\/image\\\/\"},\"sameAs\":[\"https:\\\/\\\/www.facebook.com\\\/haanjaultra100\"]}]}<\/script>\n<!-- \/ Yoast SEO plugin. -->","yoast_head_json":{"title":"P\u00e4\u00e4sk\u00fcla raba maraton - trailrun.ee","robots":{"index":"index","follow":"follow","max-snippet":"max-snippet:-1","max-image-preview":"max-image-preview:large","max-video-preview":"max-video-preview:-1"},"canonical":"https:\/\/trailrun.ee\/en\/results\/paaskula-raba-maraton\/","og_locale":"en_US","og_type":"article","og_title":"P\u00e4\u00e4sk\u00fcla raba maraton - trailrun.ee","og_description":"P\u00e4\u00e4sk\u00fcla raba marathon 23.11.2013 Laps P\u00e4\u00e4sk\u00fcla 2nd raba marathon 24.1.2014 Laps P\u00e4\u00e4sk\u00fcla 3rd raba marathon 15.3.2014 Laps P\u00e4\u00e4sk\u00fcla 4th charity raba marathon 22.11.2014 P\u00e4\u00e4sk\u00fcla 5th raba marathon 23.1.2015 Laps P\u00e4\u00e4sk\u00fcla 6th raba marathon 4.4.2015 Laps P\u00e4\u00e4sk\u00fcla 7th charity raba marathon 23.11.2015 P\u00e4\u00e4sk\u00fcla 8th raba marathon 16.1.2016 Laps P\u00e4\u00e4sk\u00fcla 9th raba marathon 17.4.2016 Laps P\u00e4\u00e4sk\u00fcla 10th [&hellip;]","og_url":"https:\/\/trailrun.ee\/en\/results\/paaskula-raba-maraton\/","og_site_name":"trailrun.ee","article_publisher":"https:\/\/www.facebook.com\/haanjaultra100","article_modified_time":"2019-11-25T10:21:01+00:00","og_image":[{"width":174,"height":90,"url":"https:\/\/trailrun.ee\/wp-content\/uploads\/2016\/02\/trailrun_logo.png","type":"image\/png"}],"twitter_card":"summary_large_image","twitter_misc":{"Est. reading time":"1 minute"},"schema":{"@context":"https:\/\/schema.org","@graph":[{"@type":"WebPage","@id":"https:\/\/trailrun.ee\/en\/results\/paaskula-raba-maraton\/","url":"https:\/\/trailrun.ee\/en\/results\/paaskula-raba-maraton\/","name":"P\u00e4\u00e4sk\u00fcla raba maraton - trailrun.ee","isPartOf":{"@id":"https:\/\/trailrun.ee\/en\/#website"},"datePublished":"2016-02-28T21:56:36+00:00","dateModified":"2019-11-25T10:21:01+00:00","breadcrumb":{"@id":"https:\/\/trailrun.ee\/en\/results\/paaskula-raba-maraton\/#breadcrumb"},"inLanguage":"en-US","potentialAction":[{"@type":"ReadAction","target":["https:\/\/trailrun.ee\/en\/results\/paaskula-raba-maraton\/"]}]},{"@type":"BreadcrumbList","@id":"https:\/\/trailrun.ee\/en\/results\/paaskula-raba-maraton\/#breadcrumb","itemListElement":[{"@type":"ListItem","position":1,"name":"Home","item":"https:\/\/trailrun.ee\/en\/"},{"@type":"ListItem","position":2,"name":"Results","item":"https:\/\/trailrun.ee\/en\/results\/"},{"@type":"ListItem","position":3,"name":"P\u00e4\u00e4sk\u00fcla raba maraton"}]},{"@type":"WebSite","@id":"https:\/\/trailrun.ee\/en\/#website","url":"https:\/\/trailrun.ee\/en\/","name":"trailrun.ee","description":"R\u00f5uge Trail Run, P\u00e4\u00e4sk\u00fcla raba maraton, Haanja 100Ultra","publisher":{"@id":"https:\/\/trailrun.ee\/en\/#organization"},"potentialAction":[{"@type":"SearchAction","target":{"@type":"EntryPoint","urlTemplate":"https:\/\/trailrun.ee\/en\/?s={search_term_string}"},"query-input":{"@type":"PropertyValueSpecification","valueRequired":true,"valueName":"search_term_string"}}],"inLanguage":"en-US"},{"@type":"Organization","@id":"https:\/\/trailrun.ee\/en\/#organization","name":"trailrun.ee","url":"https:\/\/trailrun.ee\/en\/","logo":{"@type":"ImageObject","inLanguage":"en-US","@id":"https:\/\/trailrun.ee\/en\/#\/schema\/logo\/image\/","url":"https:\/\/trailrun.ee\/wp-content\/uploads\/2016\/02\/trailrun_logo.png","contentUrl":"https:\/\/trailrun.ee\/wp-content\/uploads\/2016\/02\/trailrun_logo.png","width":174,"height":90,"caption":"trailrun.ee"},"image":{"@id":"https:\/\/trailrun.ee\/en\/#\/schema\/logo\/image\/"},"sameAs":["https:\/\/www.facebook.com\/haanjaultra100"]}]}},"_links":{"self":[{"href":"https:\/\/trailrun.ee\/en\/wp-json\/wp\/v2\/pages\/116","targetHints":{"allow":["GET"]}}],"collection":[{"href":"https:\/\/trailrun.ee\/en\/wp-json\/wp\/v2\/pages"}],"about":[{"href":"https:\/\/trailrun.ee\/en\/wp-json\/wp\/v2\/types\/page"}],"author":[{"embeddable":true,"href":"https:\/\/trailrun.ee\/en\/wp-json\/wp\/v2\/users\/1"}],"replies":[{"embeddable":true,"href":"https:\/\/trailrun.ee\/en\/wp-json\/wp\/v2\/comments?post=116"}],"version-history":[{"count":15,"href":"https:\/\/trailrun.ee\/en\/wp-json\/wp\/v2\/pages\/116\/revisions"}],"predecessor-version":[{"id":2359,"href":"https:\/\/trailrun.ee\/en\/wp-json\/wp\/v2\/pages\/116\/revisions\/2359"}],"up":[{"embeddable":true,"href":"https:\/\/trailrun.ee\/en\/wp-json\/wp\/v2\/pages\/72"}],"wp:attachment":[{"href":"https:\/\/trailrun.ee\/en\/wp-json\/wp\/v2\/media?parent=116"}],"curies":[{"name":"wp","href":"https:\/\/api.w.org\/{rel}","templated":true}]}}