{"id":125,"date":"2016-02-29T00:01:15","date_gmt":"2016-02-28T22:01:15","guid":{"rendered":"http:\/\/trailrun.ee\/en\/?page_id=125"},"modified":"2024-07-15T11:36:25","modified_gmt":"2024-07-15T08:36:25","slug":"rouge-trail-run-rouge-maraton","status":"publish","type":"page","link":"https:\/\/trailrun.ee\/en\/results\/rouge-trail-run-rouge-maraton\/","title":{"rendered":"R\u00f5uge Trail Marathon of 3 towers (R\u00f5uge Trail Run, R\u00f5uge Maraton)"},"content":{"rendered":"<p><a class=\"btn\" href=\"https:\/\/trailrun.ee\/wp-content\/uploads\/2024\/07\/results-24.pdf\" target=\"_blank\" rel=\"noopener\">R\u00f5uge Trail Marathon of 3 towers 2024<\/a><\/p>\n<p><a class=\"btn\" href=\"https:\/\/trailrun.ee\/wp-content\/uploads\/2024\/06\/R3M_results_2022.pdf\" target=\"_blank\" rel=\"noopener\">R\u00f5uge Trail Marathon of 3 towers 2022<\/a><\/p>\n<p><a class=\"btn\" href=\"https:\/\/trailrun.ee\/wp-content\/uploads\/2021\/01\/2020071205393636.pdf\" target=\"_blank\" rel=\"noopener\">R\u00f5uge Trail Marathon of 3 towers 2020<\/a><\/p>\n<p><a class=\"btn\" href=\"https:\/\/trailrun.ee\/wp-content\/uploads\/2021\/01\/Rouge_Trail_Marathon_2019_Results.pdf\" target=\"_blank\" rel=\"noopener\">R\u00f5uge Trail Marathon 2019<\/a><\/p>\n<p><a class=\"btn\" href=\"https:\/\/trailrun.ee\/wp-content\/uploads\/2021\/01\/2018_results_rouge_trail_run.pdf\" target=\"_blank\" rel=\"noopener\">R\u00f5uge Trail Run 2018<\/a><\/p>\n<p><a class=\"btn\" href=\"https:\/\/docs.google.com\/spreadsheets\/d\/1ZLYfEmznLuDUi3FOWXxK-ZYqPtzv8CjQ6q4Wjh1lDHo\/edit#gid=0\" target=\"_blank\" rel=\"noopener\">R\u00f5uge Trail Run 2017<\/a><\/p>\n<p><a class=\"btn\" href=\"http:\/\/my6.raceresult.com\/57441\/results?lang=et#0_D25492\" target=\"_blank\" rel=\"noopener\">R\u00f5uge Trail Run 2016<\/a><\/p>\n<p><a class=\"btn\" href=\"http:\/\/trailrun.ee\/wp-content\/uploads\/2016\/02\/rouge2015.pdf\" target=\"_blank\" rel=\"noopener\">R\u00f5uge Maraton 2015<\/a><\/p>\n<p><a class=\"btn\" href=\"http:\/\/trailrun.ee\/wp-content\/uploads\/2016\/02\/rouge2014.pdf\" target=\"_blank\" rel=\"noopener\">R\u00f5uge Maraton 2014<\/a><\/p>\n<p><a class=\"btn\" href=\"http:\/\/trailrun.ee\/wp-content\/uploads\/2016\/02\/rouge2013.pdf\" target=\"_blank\" rel=\"noopener\">R\u00f5uge Maraton 2013<\/a><\/p>\n","protected":false},"excerpt":{"rendered":"<p>R\u00f5uge Trail Marathon of 3 towers 2024 R\u00f5uge Trail Marathon of 3 towers 2022 R\u00f5uge Trail Marathon of 3 towers 2020 R\u00f5uge Trail Marathon 2019 R\u00f5uge Trail Run 2018 R\u00f5uge Trail Run 2017 R\u00f5uge Trail Run 2016 R\u00f5uge Maraton 2015 R\u00f5uge Maraton 2014 R\u00f5uge Maraton 2013<\/p>\n","protected":false},"author":1,"featured_media":0,"parent":72,"menu_order":0,"comment_status":"closed","ping_status":"closed","template":"","meta":{"_acf_changed":false,"footnotes":""},"class_list":["post-125","page","type-page","status-publish","hentry"],"acf":[],"yoast_head":"<!-- This site is optimized with the Yoast SEO plugin v27.4 - https:\/\/yoast.com\/product\/yoast-seo-wordpress\/ -->\n<title>R\u00f5uge Trail Marathon of 3 towers (R\u00f5uge Trail Run, R\u00f5uge Maraton) - trailrun.ee<\/title>\n<meta name=\"robots\" content=\"index, follow, max-snippet:-1, max-image-preview:large, max-video-preview:-1\" \/>\n<link rel=\"canonical\" href=\"https:\/\/trailrun.ee\/en\/results\/rouge-trail-run-rouge-maraton\/\" \/>\n<meta property=\"og:locale\" content=\"en_US\" \/>\n<meta property=\"og:type\" content=\"article\" \/>\n<meta property=\"og:title\" content=\"R\u00f5uge Trail Marathon of 3 towers (R\u00f5uge Trail Run, R\u00f5uge Maraton) - trailrun.ee\" \/>\n<meta property=\"og:description\" content=\"R\u00f5uge Trail Marathon of 3 towers 2024 R\u00f5uge Trail Marathon of 3 towers 2022 R\u00f5uge Trail Marathon of 3 towers 2020 R\u00f5uge Trail Marathon 2019 R\u00f5uge Trail Run 2018 R\u00f5uge Trail Run 2017 R\u00f5uge Trail Run 2016 R\u00f5uge Maraton 2015 R\u00f5uge Maraton 2014 R\u00f5uge Maraton 2013\" \/>\n<meta property=\"og:url\" content=\"https:\/\/trailrun.ee\/en\/results\/rouge-trail-run-rouge-maraton\/\" \/>\n<meta property=\"og:site_name\" content=\"trailrun.ee\" \/>\n<meta property=\"article:publisher\" content=\"https:\/\/www.facebook.com\/haanjaultra100\" \/>\n<meta property=\"article:modified_time\" content=\"2024-07-15T08:36:25+00:00\" \/>\n<meta property=\"og:image\" content=\"https:\/\/trailrun.ee\/wp-content\/uploads\/2016\/02\/trailrun_logo.png\" \/>\n\t<meta property=\"og:image:width\" content=\"174\" \/>\n\t<meta property=\"og:image:height\" content=\"90\" \/>\n\t<meta property=\"og:image:type\" content=\"image\/png\" \/>\n<meta name=\"twitter:card\" content=\"summary_large_image\" \/>\n<meta name=\"twitter:label1\" content=\"Est. reading time\" \/>\n\t<meta name=\"twitter:data1\" content=\"1 minute\" \/>\n<script type=\"application\/ld+json\" class=\"yoast-schema-graph\">{\"@context\":\"https:\\\/\\\/schema.org\",\"@graph\":[{\"@type\":\"WebPage\",\"@id\":\"https:\\\/\\\/trailrun.ee\\\/en\\\/results\\\/rouge-trail-run-rouge-maraton\\\/\",\"url\":\"https:\\\/\\\/trailrun.ee\\\/en\\\/results\\\/rouge-trail-run-rouge-maraton\\\/\",\"name\":\"R\u00f5uge Trail Marathon of 3 towers (R\u00f5uge Trail Run, R\u00f5uge Maraton) - trailrun.ee\",\"isPartOf\":{\"@id\":\"https:\\\/\\\/trailrun.ee\\\/en\\\/#website\"},\"datePublished\":\"2016-02-28T22:01:15+00:00\",\"dateModified\":\"2024-07-15T08:36:25+00:00\",\"breadcrumb\":{\"@id\":\"https:\\\/\\\/trailrun.ee\\\/en\\\/results\\\/rouge-trail-run-rouge-maraton\\\/#breadcrumb\"},\"inLanguage\":\"en-US\",\"potentialAction\":[{\"@type\":\"ReadAction\",\"target\":[\"https:\\\/\\\/trailrun.ee\\\/en\\\/results\\\/rouge-trail-run-rouge-maraton\\\/\"]}]},{\"@type\":\"BreadcrumbList\",\"@id\":\"https:\\\/\\\/trailrun.ee\\\/en\\\/results\\\/rouge-trail-run-rouge-maraton\\\/#breadcrumb\",\"itemListElement\":[{\"@type\":\"ListItem\",\"position\":1,\"name\":\"Home\",\"item\":\"https:\\\/\\\/trailrun.ee\\\/en\\\/\"},{\"@type\":\"ListItem\",\"position\":2,\"name\":\"Results\",\"item\":\"https:\\\/\\\/trailrun.ee\\\/en\\\/results\\\/\"},{\"@type\":\"ListItem\",\"position\":3,\"name\":\"R\u00f5uge Trail Marathon of 3 towers (R\u00f5uge Trail Run, R\u00f5uge Maraton)\"}]},{\"@type\":\"WebSite\",\"@id\":\"https:\\\/\\\/trailrun.ee\\\/en\\\/#website\",\"url\":\"https:\\\/\\\/trailrun.ee\\\/en\\\/\",\"name\":\"trailrun.ee\",\"description\":\"R\u00f5uge Trail Run, P\u00e4\u00e4sk\u00fcla raba maraton, Haanja 100Ultra\",\"publisher\":{\"@id\":\"https:\\\/\\\/trailrun.ee\\\/en\\\/#organization\"},\"potentialAction\":[{\"@type\":\"SearchAction\",\"target\":{\"@type\":\"EntryPoint\",\"urlTemplate\":\"https:\\\/\\\/trailrun.ee\\\/en\\\/?s={search_term_string}\"},\"query-input\":{\"@type\":\"PropertyValueSpecification\",\"valueRequired\":true,\"valueName\":\"search_term_string\"}}],\"inLanguage\":\"en-US\"},{\"@type\":\"Organization\",\"@id\":\"https:\\\/\\\/trailrun.ee\\\/en\\\/#organization\",\"name\":\"trailrun.ee\",\"url\":\"https:\\\/\\\/trailrun.ee\\\/en\\\/\",\"logo\":{\"@type\":\"ImageObject\",\"inLanguage\":\"en-US\",\"@id\":\"https:\\\/\\\/trailrun.ee\\\/en\\\/#\\\/schema\\\/logo\\\/image\\\/\",\"url\":\"https:\\\/\\\/trailrun.ee\\\/wp-content\\\/uploads\\\/2016\\\/02\\\/trailrun_logo.png\",\"contentUrl\":\"https:\\\/\\\/trailrun.ee\\\/wp-content\\\/uploads\\\/2016\\\/02\\\/trailrun_logo.png\",\"width\":174,\"height\":90,\"caption\":\"trailrun.ee\"},\"image\":{\"@id\":\"https:\\\/\\\/trailrun.ee\\\/en\\\/#\\\/schema\\\/logo\\\/image\\\/\"},\"sameAs\":[\"https:\\\/\\\/www.facebook.com\\\/haanjaultra100\"]}]}<\/script>\n<!-- \/ Yoast SEO plugin. -->","yoast_head_json":{"title":"R\u00f5uge Trail Marathon of 3 towers (R\u00f5uge Trail Run, R\u00f5uge Maraton) - trailrun.ee","robots":{"index":"index","follow":"follow","max-snippet":"max-snippet:-1","max-image-preview":"max-image-preview:large","max-video-preview":"max-video-preview:-1"},"canonical":"https:\/\/trailrun.ee\/en\/results\/rouge-trail-run-rouge-maraton\/","og_locale":"en_US","og_type":"article","og_title":"R\u00f5uge Trail Marathon of 3 towers (R\u00f5uge Trail Run, R\u00f5uge Maraton) - trailrun.ee","og_description":"R\u00f5uge Trail Marathon of 3 towers 2024 R\u00f5uge Trail Marathon of 3 towers 2022 R\u00f5uge Trail Marathon of 3 towers 2020 R\u00f5uge Trail Marathon 2019 R\u00f5uge Trail Run 2018 R\u00f5uge Trail Run 2017 R\u00f5uge Trail Run 2016 R\u00f5uge Maraton 2015 R\u00f5uge Maraton 2014 R\u00f5uge Maraton 2013","og_url":"https:\/\/trailrun.ee\/en\/results\/rouge-trail-run-rouge-maraton\/","og_site_name":"trailrun.ee","article_publisher":"https:\/\/www.facebook.com\/haanjaultra100","article_modified_time":"2024-07-15T08:36:25+00:00","og_image":[{"width":174,"height":90,"url":"https:\/\/trailrun.ee\/wp-content\/uploads\/2016\/02\/trailrun_logo.png","type":"image\/png"}],"twitter_card":"summary_large_image","twitter_misc":{"Est. reading time":"1 minute"},"schema":{"@context":"https:\/\/schema.org","@graph":[{"@type":"WebPage","@id":"https:\/\/trailrun.ee\/en\/results\/rouge-trail-run-rouge-maraton\/","url":"https:\/\/trailrun.ee\/en\/results\/rouge-trail-run-rouge-maraton\/","name":"R\u00f5uge Trail Marathon of 3 towers (R\u00f5uge Trail Run, R\u00f5uge Maraton) - trailrun.ee","isPartOf":{"@id":"https:\/\/trailrun.ee\/en\/#website"},"datePublished":"2016-02-28T22:01:15+00:00","dateModified":"2024-07-15T08:36:25+00:00","breadcrumb":{"@id":"https:\/\/trailrun.ee\/en\/results\/rouge-trail-run-rouge-maraton\/#breadcrumb"},"inLanguage":"en-US","potentialAction":[{"@type":"ReadAction","target":["https:\/\/trailrun.ee\/en\/results\/rouge-trail-run-rouge-maraton\/"]}]},{"@type":"BreadcrumbList","@id":"https:\/\/trailrun.ee\/en\/results\/rouge-trail-run-rouge-maraton\/#breadcrumb","itemListElement":[{"@type":"ListItem","position":1,"name":"Home","item":"https:\/\/trailrun.ee\/en\/"},{"@type":"ListItem","position":2,"name":"Results","item":"https:\/\/trailrun.ee\/en\/results\/"},{"@type":"ListItem","position":3,"name":"R\u00f5uge Trail Marathon of 3 towers (R\u00f5uge Trail Run, R\u00f5uge Maraton)"}]},{"@type":"WebSite","@id":"https:\/\/trailrun.ee\/en\/#website","url":"https:\/\/trailrun.ee\/en\/","name":"trailrun.ee","description":"R\u00f5uge Trail Run, P\u00e4\u00e4sk\u00fcla raba maraton, Haanja 100Ultra","publisher":{"@id":"https:\/\/trailrun.ee\/en\/#organization"},"potentialAction":[{"@type":"SearchAction","target":{"@type":"EntryPoint","urlTemplate":"https:\/\/trailrun.ee\/en\/?s={search_term_string}"},"query-input":{"@type":"PropertyValueSpecification","valueRequired":true,"valueName":"search_term_string"}}],"inLanguage":"en-US"},{"@type":"Organization","@id":"https:\/\/trailrun.ee\/en\/#organization","name":"trailrun.ee","url":"https:\/\/trailrun.ee\/en\/","logo":{"@type":"ImageObject","inLanguage":"en-US","@id":"https:\/\/trailrun.ee\/en\/#\/schema\/logo\/image\/","url":"https:\/\/trailrun.ee\/wp-content\/uploads\/2016\/02\/trailrun_logo.png","contentUrl":"https:\/\/trailrun.ee\/wp-content\/uploads\/2016\/02\/trailrun_logo.png","width":174,"height":90,"caption":"trailrun.ee"},"image":{"@id":"https:\/\/trailrun.ee\/en\/#\/schema\/logo\/image\/"},"sameAs":["https:\/\/www.facebook.com\/haanjaultra100"]}]}},"_links":{"self":[{"href":"https:\/\/trailrun.ee\/en\/wp-json\/wp\/v2\/pages\/125","targetHints":{"allow":["GET"]}}],"collection":[{"href":"https:\/\/trailrun.ee\/en\/wp-json\/wp\/v2\/pages"}],"about":[{"href":"https:\/\/trailrun.ee\/en\/wp-json\/wp\/v2\/types\/page"}],"author":[{"embeddable":true,"href":"https:\/\/trailrun.ee\/en\/wp-json\/wp\/v2\/users\/1"}],"replies":[{"embeddable":true,"href":"https:\/\/trailrun.ee\/en\/wp-json\/wp\/v2\/comments?post=125"}],"version-history":[{"count":9,"href":"https:\/\/trailrun.ee\/en\/wp-json\/wp\/v2\/pages\/125\/revisions"}],"predecessor-version":[{"id":5743,"href":"https:\/\/trailrun.ee\/en\/wp-json\/wp\/v2\/pages\/125\/revisions\/5743"}],"up":[{"embeddable":true,"href":"https:\/\/trailrun.ee\/en\/wp-json\/wp\/v2\/pages\/72"}],"wp:attachment":[{"href":"https:\/\/trailrun.ee\/en\/wp-json\/wp\/v2\/media?parent=125"}],"curies":[{"name":"wp","href":"https:\/\/api.w.org\/{rel}","templated":true}]}}