{"id":2057,"date":"2019-06-01T06:38:27","date_gmt":"2019-06-01T03:38:27","guid":{"rendered":"https:\/\/trailrun.ee\/?page_id=2057"},"modified":"2024-06-09T11:08:46","modified_gmt":"2024-06-09T08:08:46","slug":"rouge-trail-marathon","status":"publish","type":"page","link":"https:\/\/trailrun.ee\/en\/rules\/rouge-trail-marathon\/","title":{"rendered":"R\u00f5uge Trail Marathon of 3 Towers &#8211; rules and regulations"},"content":{"rendered":"<p><strong>WHAT IS IT?<\/strong><br \/>\nR\u00f5uge Trail Marathon of 3 Towers is a &#8220;from point to point&#8221; trail run by a very different and interesting landscape \u2013 hills, valleys, swamps and narrow single-tracks. The 42+km distance runs through hard terrain &#8211; deep valleys, narrow tracks, swamps. In addition to all this the track crosses twice over the country border.<\/p>\n<p><strong>FROM AND TO WHERE?<br \/>\n<\/strong>The race center is situated in Haanja near <a href=\"https:\/\/goo.gl\/maps\/sDvzd2L43NFsuhgn8\">The Suur Munam\u00e4gi!<\/a><br \/>\nThe start-place is situated in <a href=\"https:\/\/goo.gl\/maps\/Yuxep1WC4QPkwjRv5\">Paganamaa, near the tower!<\/a><br \/>\nMarathon distance has 4 service-points (SP).<\/p>\n<p><strong>WHEN AND HOW LONG?<\/strong><br \/>\nR\u00f5uge Trail Marathon takes part on July, 14th 2024, start will be given at 12am. The control time is 8 hours, so the marathon result will be counted for everyone, crossing the finish-line before 8pm!!!<\/p>\n<p><strong>GETTING TO THE START<br \/>\n<\/strong>There are two possibilities to get from the race center (finish) to the start &#8211; organized transport or own transport. Organized transport from finish to the start is free of charge, organizers will not support any transport from finish to start after the race. Organizers will support the transport of the participants stuff (one marked bag per participant) from start to the finish.<br \/>\nThe buses will leave the finish place at 11am!!!<\/p>\n<p><strong>ENTERING THE RACE<\/strong><br \/>\nEntry opens on 9th of June 2024 through following options:<br \/>\n&#8211; by our homepage www.trailrun.ee<br \/>\n&#8211; by e-mail info[\u00e4t]haanjamatkad.ee<br \/>\nThe entry fees are:<br \/>\n&#8211; early bird price until 30\/6\/2024 \u2013 50\u20ac<br \/>\n&#8211; normal price until 10\/7\/2024 \u2013 60\u20ac<br \/>\n&#8211; last but not least price until 13\/7\/2024\u2013 70\u20ac<br \/>\n&#8211; entry fee includes: marked track, time-keeping, transport to the start, service points on the track and feeding in the finish, diploma, medal, awards for 3 best men and women, also lots of wild nature and picturesque views.<\/p>\n<p><strong>USEFUL INFO AND RULES<br \/>\n<\/strong> &#8211; everyone will participate in the race at their own risk and responsibility, every participant should know, that the track goes through wild areas with no settlements nor transport possibilities. Abandoning the race is possible only in the Service Points.<br \/>\n&#8211; participant should carry on obligatory equipment &#8211;\u00a0 a fully loaded mobile phone with the contact of chief organizer, some nutrition, drinking bottle or bag, in cooler weather some special warmer clothes<br \/>\n&#8211; under 18 years old (born later than 14\/7\/2006) can take part only with the grown-up accompanist, the entry fee for yhe under 18 years old is 50% from the actual entry fee<br \/>\n&#8211; it is allowed to use ski- or nordic walking poles<br \/>\n&#8211; there are no drinking-cups in the service points, participant must carry its own cup to get drink from the SP<\/p>\n<p><strong>NB! KEEP THE NATURE CLEAN!<\/strong> Please do not throw trash (used packages, bottles) into\u00a0the nature. You can put them into the trash-can in every SP.<\/p>\n<p><em><strong>ORGANIZER <\/strong><\/em><br \/>\n<em>SK Haanja Rattamaratonid MT\u00dc, e-mail: &#x69;&#110;&#x66;&#x6f;&#64;&#x68;&#97;a&#x6e;&#106;a&#x6d;&#97;&#x74;&#x6b;a&#x64;&#46;e&#x65;, phone: +372\u00a0511 4179 (Mr.\u00a0Ivar Tupp, speaking English, Finnish, Russian).<\/em><\/p>\n","protected":false},"excerpt":{"rendered":"<p>WHAT IS IT? R\u00f5uge Trail Marathon of 3 Towers is a &#8220;from point to point&#8221; trail run by a very different and interesting landscape \u2013 hills, valleys, swamps and narrow single-tracks. The 42+km distance runs through hard terrain &#8211; deep valleys, narrow tracks, swamps. In addition to all this the track crosses twice over the [&hellip;]<\/p>\n","protected":false},"author":1,"featured_media":0,"parent":68,"menu_order":0,"comment_status":"closed","ping_status":"closed","template":"","meta":{"_acf_changed":false,"footnotes":""},"class_list":["post-2057","page","type-page","status-publish","hentry"],"acf":[],"yoast_head":"<!-- This site is optimized with the Yoast SEO plugin v27.4 - https:\/\/yoast.com\/product\/yoast-seo-wordpress\/ -->\n<title>R\u00f5uge Trail Marathon of 3 Towers - rules and regulations - trailrun.ee<\/title>\n<meta name=\"robots\" content=\"index, follow, max-snippet:-1, max-image-preview:large, max-video-preview:-1\" \/>\n<link rel=\"canonical\" href=\"https:\/\/trailrun.ee\/en\/rules\/rouge-trail-marathon\/\" \/>\n<meta property=\"og:locale\" content=\"en_US\" \/>\n<meta property=\"og:type\" content=\"article\" \/>\n<meta property=\"og:title\" content=\"R\u00f5uge Trail Marathon of 3 Towers - rules and regulations - trailrun.ee\" \/>\n<meta property=\"og:description\" content=\"WHAT IS IT? R\u00f5uge Trail Marathon of 3 Towers is a &#8220;from point to point&#8221; trail run by a very different and interesting landscape \u2013 hills, valleys, swamps and narrow single-tracks. The 42+km distance runs through hard terrain &#8211; deep valleys, narrow tracks, swamps. In addition to all this the track crosses twice over the [&hellip;]\" \/>\n<meta property=\"og:url\" content=\"https:\/\/trailrun.ee\/en\/rules\/rouge-trail-marathon\/\" \/>\n<meta property=\"og:site_name\" content=\"trailrun.ee\" \/>\n<meta property=\"article:publisher\" content=\"https:\/\/www.facebook.com\/haanjaultra100\" \/>\n<meta property=\"article:modified_time\" content=\"2024-06-09T08:08:46+00:00\" \/>\n<meta property=\"og:image\" content=\"https:\/\/trailrun.ee\/wp-content\/uploads\/2016\/02\/trailrun_logo.png\" \/>\n\t<meta property=\"og:image:width\" content=\"174\" \/>\n\t<meta property=\"og:image:height\" content=\"90\" \/>\n\t<meta property=\"og:image:type\" content=\"image\/png\" \/>\n<meta name=\"twitter:card\" content=\"summary_large_image\" \/>\n<meta name=\"twitter:label1\" content=\"Est. reading time\" \/>\n\t<meta name=\"twitter:data1\" content=\"3 minutes\" \/>\n<script type=\"application\/ld+json\" class=\"yoast-schema-graph\">{\"@context\":\"https:\\\/\\\/schema.org\",\"@graph\":[{\"@type\":\"WebPage\",\"@id\":\"https:\\\/\\\/trailrun.ee\\\/en\\\/rules\\\/rouge-trail-marathon\\\/\",\"url\":\"https:\\\/\\\/trailrun.ee\\\/en\\\/rules\\\/rouge-trail-marathon\\\/\",\"name\":\"R\u00f5uge Trail Marathon of 3 Towers - rules and regulations - trailrun.ee\",\"isPartOf\":{\"@id\":\"https:\\\/\\\/trailrun.ee\\\/en\\\/#website\"},\"datePublished\":\"2019-06-01T03:38:27+00:00\",\"dateModified\":\"2024-06-09T08:08:46+00:00\",\"breadcrumb\":{\"@id\":\"https:\\\/\\\/trailrun.ee\\\/en\\\/rules\\\/rouge-trail-marathon\\\/#breadcrumb\"},\"inLanguage\":\"en-US\",\"potentialAction\":[{\"@type\":\"ReadAction\",\"target\":[\"https:\\\/\\\/trailrun.ee\\\/en\\\/rules\\\/rouge-trail-marathon\\\/\"]}]},{\"@type\":\"BreadcrumbList\",\"@id\":\"https:\\\/\\\/trailrun.ee\\\/en\\\/rules\\\/rouge-trail-marathon\\\/#breadcrumb\",\"itemListElement\":[{\"@type\":\"ListItem\",\"position\":1,\"name\":\"Home\",\"item\":\"https:\\\/\\\/trailrun.ee\\\/en\\\/\"},{\"@type\":\"ListItem\",\"position\":2,\"name\":\"Rules\",\"item\":\"https:\\\/\\\/trailrun.ee\\\/en\\\/rules\\\/\"},{\"@type\":\"ListItem\",\"position\":3,\"name\":\"R\u00f5uge Trail Marathon of 3 Towers &#8211; rules and regulations\"}]},{\"@type\":\"WebSite\",\"@id\":\"https:\\\/\\\/trailrun.ee\\\/en\\\/#website\",\"url\":\"https:\\\/\\\/trailrun.ee\\\/en\\\/\",\"name\":\"trailrun.ee\",\"description\":\"R\u00f5uge Trail Run, P\u00e4\u00e4sk\u00fcla raba maraton, Haanja 100Ultra\",\"publisher\":{\"@id\":\"https:\\\/\\\/trailrun.ee\\\/en\\\/#organization\"},\"potentialAction\":[{\"@type\":\"SearchAction\",\"target\":{\"@type\":\"EntryPoint\",\"urlTemplate\":\"https:\\\/\\\/trailrun.ee\\\/en\\\/?s={search_term_string}\"},\"query-input\":{\"@type\":\"PropertyValueSpecification\",\"valueRequired\":true,\"valueName\":\"search_term_string\"}}],\"inLanguage\":\"en-US\"},{\"@type\":\"Organization\",\"@id\":\"https:\\\/\\\/trailrun.ee\\\/en\\\/#organization\",\"name\":\"trailrun.ee\",\"url\":\"https:\\\/\\\/trailrun.ee\\\/en\\\/\",\"logo\":{\"@type\":\"ImageObject\",\"inLanguage\":\"en-US\",\"@id\":\"https:\\\/\\\/trailrun.ee\\\/en\\\/#\\\/schema\\\/logo\\\/image\\\/\",\"url\":\"https:\\\/\\\/trailrun.ee\\\/wp-content\\\/uploads\\\/2016\\\/02\\\/trailrun_logo.png\",\"contentUrl\":\"https:\\\/\\\/trailrun.ee\\\/wp-content\\\/uploads\\\/2016\\\/02\\\/trailrun_logo.png\",\"width\":174,\"height\":90,\"caption\":\"trailrun.ee\"},\"image\":{\"@id\":\"https:\\\/\\\/trailrun.ee\\\/en\\\/#\\\/schema\\\/logo\\\/image\\\/\"},\"sameAs\":[\"https:\\\/\\\/www.facebook.com\\\/haanjaultra100\"]}]}<\/script>\n<!-- \/ Yoast SEO plugin. -->","yoast_head_json":{"title":"R\u00f5uge Trail Marathon of 3 Towers - rules and regulations - trailrun.ee","robots":{"index":"index","follow":"follow","max-snippet":"max-snippet:-1","max-image-preview":"max-image-preview:large","max-video-preview":"max-video-preview:-1"},"canonical":"https:\/\/trailrun.ee\/en\/rules\/rouge-trail-marathon\/","og_locale":"en_US","og_type":"article","og_title":"R\u00f5uge Trail Marathon of 3 Towers - rules and regulations - trailrun.ee","og_description":"WHAT IS IT? R\u00f5uge Trail Marathon of 3 Towers is a &#8220;from point to point&#8221; trail run by a very different and interesting landscape \u2013 hills, valleys, swamps and narrow single-tracks. The 42+km distance runs through hard terrain &#8211; deep valleys, narrow tracks, swamps. In addition to all this the track crosses twice over the [&hellip;]","og_url":"https:\/\/trailrun.ee\/en\/rules\/rouge-trail-marathon\/","og_site_name":"trailrun.ee","article_publisher":"https:\/\/www.facebook.com\/haanjaultra100","article_modified_time":"2024-06-09T08:08:46+00:00","og_image":[{"width":174,"height":90,"url":"https:\/\/trailrun.ee\/wp-content\/uploads\/2016\/02\/trailrun_logo.png","type":"image\/png"}],"twitter_card":"summary_large_image","twitter_misc":{"Est. reading time":"3 minutes"},"schema":{"@context":"https:\/\/schema.org","@graph":[{"@type":"WebPage","@id":"https:\/\/trailrun.ee\/en\/rules\/rouge-trail-marathon\/","url":"https:\/\/trailrun.ee\/en\/rules\/rouge-trail-marathon\/","name":"R\u00f5uge Trail Marathon of 3 Towers - rules and regulations - trailrun.ee","isPartOf":{"@id":"https:\/\/trailrun.ee\/en\/#website"},"datePublished":"2019-06-01T03:38:27+00:00","dateModified":"2024-06-09T08:08:46+00:00","breadcrumb":{"@id":"https:\/\/trailrun.ee\/en\/rules\/rouge-trail-marathon\/#breadcrumb"},"inLanguage":"en-US","potentialAction":[{"@type":"ReadAction","target":["https:\/\/trailrun.ee\/en\/rules\/rouge-trail-marathon\/"]}]},{"@type":"BreadcrumbList","@id":"https:\/\/trailrun.ee\/en\/rules\/rouge-trail-marathon\/#breadcrumb","itemListElement":[{"@type":"ListItem","position":1,"name":"Home","item":"https:\/\/trailrun.ee\/en\/"},{"@type":"ListItem","position":2,"name":"Rules","item":"https:\/\/trailrun.ee\/en\/rules\/"},{"@type":"ListItem","position":3,"name":"R\u00f5uge Trail Marathon of 3 Towers &#8211; rules and regulations"}]},{"@type":"WebSite","@id":"https:\/\/trailrun.ee\/en\/#website","url":"https:\/\/trailrun.ee\/en\/","name":"trailrun.ee","description":"R\u00f5uge Trail Run, P\u00e4\u00e4sk\u00fcla raba maraton, Haanja 100Ultra","publisher":{"@id":"https:\/\/trailrun.ee\/en\/#organization"},"potentialAction":[{"@type":"SearchAction","target":{"@type":"EntryPoint","urlTemplate":"https:\/\/trailrun.ee\/en\/?s={search_term_string}"},"query-input":{"@type":"PropertyValueSpecification","valueRequired":true,"valueName":"search_term_string"}}],"inLanguage":"en-US"},{"@type":"Organization","@id":"https:\/\/trailrun.ee\/en\/#organization","name":"trailrun.ee","url":"https:\/\/trailrun.ee\/en\/","logo":{"@type":"ImageObject","inLanguage":"en-US","@id":"https:\/\/trailrun.ee\/en\/#\/schema\/logo\/image\/","url":"https:\/\/trailrun.ee\/wp-content\/uploads\/2016\/02\/trailrun_logo.png","contentUrl":"https:\/\/trailrun.ee\/wp-content\/uploads\/2016\/02\/trailrun_logo.png","width":174,"height":90,"caption":"trailrun.ee"},"image":{"@id":"https:\/\/trailrun.ee\/en\/#\/schema\/logo\/image\/"},"sameAs":["https:\/\/www.facebook.com\/haanjaultra100"]}]}},"_links":{"self":[{"href":"https:\/\/trailrun.ee\/en\/wp-json\/wp\/v2\/pages\/2057","targetHints":{"allow":["GET"]}}],"collection":[{"href":"https:\/\/trailrun.ee\/en\/wp-json\/wp\/v2\/pages"}],"about":[{"href":"https:\/\/trailrun.ee\/en\/wp-json\/wp\/v2\/types\/page"}],"author":[{"embeddable":true,"href":"https:\/\/trailrun.ee\/en\/wp-json\/wp\/v2\/users\/1"}],"replies":[{"embeddable":true,"href":"https:\/\/trailrun.ee\/en\/wp-json\/wp\/v2\/comments?post=2057"}],"version-history":[{"count":23,"href":"https:\/\/trailrun.ee\/en\/wp-json\/wp\/v2\/pages\/2057\/revisions"}],"predecessor-version":[{"id":5648,"href":"https:\/\/trailrun.ee\/en\/wp-json\/wp\/v2\/pages\/2057\/revisions\/5648"}],"up":[{"embeddable":true,"href":"https:\/\/trailrun.ee\/en\/wp-json\/wp\/v2\/pages\/68"}],"wp:attachment":[{"href":"https:\/\/trailrun.ee\/en\/wp-json\/wp\/v2\/media?parent=2057"}],"curies":[{"name":"wp","href":"https:\/\/api.w.org\/{rel}","templated":true}]}}