{"id":252,"date":"2016-03-03T22:56:20","date_gmt":"2016-03-03T20:56:20","guid":{"rendered":"http:\/\/trailrun.ee\/en\/?page_id=252"},"modified":"2023-10-24T10:25:58","modified_gmt":"2023-10-24T07:25:58","slug":"paaskula-raba-marathon","status":"publish","type":"page","link":"https:\/\/trailrun.ee\/en\/rules\/paaskula-raba-marathon\/","title":{"rendered":"P\u00e4\u00e4sk\u00fcla Charity 21st Raba Marathon 11.11.2023"},"content":{"rendered":"<h3>Regulations<\/h3>\n<p><strong>What:<\/strong><\/p>\n<ul>\n<li>P\u00e4\u00e4sk\u00fcla Charity 21st Raba Marathon<\/li>\n<\/ul>\n<p><strong>Where:<\/strong><\/p>\n<ul>\n<li><a href=\"https:\/\/goo.gl\/maps\/4tPjAtXD79s\">Hiiu 50, Tallinn, Estonia<\/a><\/li>\n<\/ul>\n<p><strong>When:<\/strong><\/p>\n<ul>\n<li>11th of November 2023<\/li>\n<\/ul>\n<p><strong>Races:<\/strong><\/p>\n<ul>\n<li>Marathon 42,2km &#8211; 10 times of 4,22km lap, start at 11:00<\/li>\n<li>Half-marathon 21,1km &#8211; 5 times of 4,22km lap, start at 12:30<\/li>\n<\/ul>\n<p><strong>Participants:<\/strong><\/p>\n<ul>\n<li>42,2km is open for everybody born before 11.11.2005<\/li>\n<li>21,1km is open for everybody born before 11.11.2007<\/li>\n<\/ul>\n<p><strong>Track:<\/strong><\/p>\n<ul>\n<li>is marked with red arrows<\/li>\n<li>the surface of the track is mainly gravel and forest paths, no tarmac<\/li>\n<li>refreshment area is at the end of every new lap and warm iso-drink, fresh water, cola, banana, raisins, pickles, bread and salt are available there<\/li>\n<li>cut-off time is 6 hours for the marathon and 4 hours for the half-marathon<\/li>\n<\/ul>\n<p><strong>Awards:<\/strong><\/p>\n<ul>\n<li>The overall three best of both distances will be awarded with a cup, all the finishers of both distances will get a finishers medal and diploma<\/li>\n<\/ul>\n<p><strong>Entry and fees:<\/strong><\/p>\n<ul>\n<li>The entry will be opened on 24th of October 2023 via trailrun.ee or via e-mail &#105;&#x6e;f&#111;&#x40;h&#97;&#x61;n&#x6a;&#x61;&#109;&#x61;t&#107;&#x61;d&#46;&#x65;e<\/li>\n<li>Entry fees are:<strong><br \/>\n<\/strong><\/li>\n<\/ul>\n<p style=\"padding-left: 30px;\"><strong>until 1.11.2023<br \/>\n<\/strong>Half-marathon 21,1km -20\u20ac<br \/>\nMarathon 42,2km &#8211; 30\u20ac<\/p>\n<p style=\"padding-left: 30px;\"><strong>2.11.2023-8.11.2023<\/strong><br \/>\nHalf-marathon 21,1km &#8211; 30\u20ac<br \/>\nMarathon 42,2km &#8211; 40\u20ac<\/p>\n<p style=\"padding-left: 30px;\"><strong>11.11.2023 at the start in cash<\/strong><br \/>\nHalf-marathon 21,1km &#8211; 40\u20ac<br \/>\nMarathon 42,2km &#8211; 50\u20ac<\/p>\n<p><strong>Other important instructions:<\/strong><\/p>\n<ul>\n<li>P\u00e4\u00e4sk\u00fcla Charity 21st Raba Marathon will take place according to the present instructions<\/li>\n<li>Issues that are not covered with present instructions will be solved by the jury of judges in cooperation with the organizer<\/li>\n<li>Every participant enters the race on its own risk<\/li>\n<li>Unfamiliarity with present instructions does not free the participant from the responsibility arising from the instructions<\/li>\n<li>P\u00e4\u00e4sk\u00fcla Raba Marathon will take place in any weather<\/li>\n<li>The organizers have the right to shorter or stop the race in case of force majeure or some nature disaster<\/li>\n<li>The participants are strongly asked not to litter the race course and to act respectively towards the nature since the marathon is held on the territory of the P\u00e4\u00e4sk\u00fcla raba Nature Park.<\/li>\n<li>By signing the start protocol the participant is obliged to follow all of the points and issues mentioned in the present instructions<\/li>\n<\/ul>\n<p><strong>Organizer and info:<\/strong><\/p>\n<ul>\n<li>SK Haanja Rattamaratonid MT\u00dc, &#x69;&#x6e;&#x66;&#x6f;&#x40;&#x68;&#x61;&#97;&#110;&#106;&#97;&#109;atka&#x64;&#x2e;&#x65;&#x65;, tel +372 511 4179, Ain-Ivar Tupp (speaking English, Russian and Finnish)<\/li>\n<\/ul>\n","protected":false},"excerpt":{"rendered":"<p>Regulations What: P\u00e4\u00e4sk\u00fcla Charity 21st Raba Marathon Where: Hiiu 50, Tallinn, Estonia When: 11th of November 2023 Races: Marathon 42,2km &#8211; 10 times of 4,22km lap, start at 11:00 Half-marathon 21,1km &#8211; 5 times of 4,22km lap, start at 12:30 Participants: 42,2km is open for everybody born before 11.11.2005 21,1km is open for everybody born [&hellip;]<\/p>\n","protected":false},"author":1,"featured_media":0,"parent":68,"menu_order":0,"comment_status":"closed","ping_status":"closed","template":"","meta":{"_acf_changed":false,"footnotes":""},"class_list":["post-252","page","type-page","status-publish","hentry"],"acf":[],"yoast_head":"<!-- This site is optimized with the Yoast SEO plugin v27.4 - https:\/\/yoast.com\/product\/yoast-seo-wordpress\/ -->\n<title>P\u00e4\u00e4sk\u00fcla Charity 21st Raba Marathon 11.11.2023 - trailrun.ee<\/title>\n<meta name=\"robots\" content=\"index, follow, max-snippet:-1, max-image-preview:large, max-video-preview:-1\" \/>\n<link rel=\"canonical\" href=\"https:\/\/trailrun.ee\/en\/rules\/paaskula-raba-marathon\/\" \/>\n<meta property=\"og:locale\" content=\"en_US\" \/>\n<meta property=\"og:type\" content=\"article\" \/>\n<meta property=\"og:title\" content=\"P\u00e4\u00e4sk\u00fcla Charity 21st Raba Marathon 11.11.2023 - trailrun.ee\" \/>\n<meta property=\"og:description\" content=\"Regulations What: P\u00e4\u00e4sk\u00fcla Charity 21st Raba Marathon Where: Hiiu 50, Tallinn, Estonia When: 11th of November 2023 Races: Marathon 42,2km &#8211; 10 times of 4,22km lap, start at 11:00 Half-marathon 21,1km &#8211; 5 times of 4,22km lap, start at 12:30 Participants: 42,2km is open for everybody born before 11.11.2005 21,1km is open for everybody born [&hellip;]\" \/>\n<meta property=\"og:url\" content=\"https:\/\/trailrun.ee\/en\/rules\/paaskula-raba-marathon\/\" \/>\n<meta property=\"og:site_name\" content=\"trailrun.ee\" \/>\n<meta property=\"article:publisher\" content=\"https:\/\/www.facebook.com\/haanjaultra100\" \/>\n<meta property=\"article:modified_time\" content=\"2023-10-24T07:25:58+00:00\" \/>\n<meta property=\"og:image\" content=\"https:\/\/trailrun.ee\/wp-content\/uploads\/2016\/02\/trailrun_logo.png\" \/>\n\t<meta property=\"og:image:width\" content=\"174\" \/>\n\t<meta property=\"og:image:height\" content=\"90\" \/>\n\t<meta property=\"og:image:type\" content=\"image\/png\" \/>\n<meta name=\"twitter:card\" content=\"summary_large_image\" \/>\n<meta name=\"twitter:label1\" content=\"Est. reading time\" \/>\n\t<meta name=\"twitter:data1\" content=\"2 minutes\" \/>\n<script type=\"application\/ld+json\" class=\"yoast-schema-graph\">{\"@context\":\"https:\\\/\\\/schema.org\",\"@graph\":[{\"@type\":\"WebPage\",\"@id\":\"https:\\\/\\\/trailrun.ee\\\/en\\\/rules\\\/paaskula-raba-marathon\\\/\",\"url\":\"https:\\\/\\\/trailrun.ee\\\/en\\\/rules\\\/paaskula-raba-marathon\\\/\",\"name\":\"P\u00e4\u00e4sk\u00fcla Charity 21st Raba Marathon 11.11.2023 - trailrun.ee\",\"isPartOf\":{\"@id\":\"https:\\\/\\\/trailrun.ee\\\/en\\\/#website\"},\"datePublished\":\"2016-03-03T20:56:20+00:00\",\"dateModified\":\"2023-10-24T07:25:58+00:00\",\"breadcrumb\":{\"@id\":\"https:\\\/\\\/trailrun.ee\\\/en\\\/rules\\\/paaskula-raba-marathon\\\/#breadcrumb\"},\"inLanguage\":\"en-US\",\"potentialAction\":[{\"@type\":\"ReadAction\",\"target\":[\"https:\\\/\\\/trailrun.ee\\\/en\\\/rules\\\/paaskula-raba-marathon\\\/\"]}]},{\"@type\":\"BreadcrumbList\",\"@id\":\"https:\\\/\\\/trailrun.ee\\\/en\\\/rules\\\/paaskula-raba-marathon\\\/#breadcrumb\",\"itemListElement\":[{\"@type\":\"ListItem\",\"position\":1,\"name\":\"Home\",\"item\":\"https:\\\/\\\/trailrun.ee\\\/en\\\/\"},{\"@type\":\"ListItem\",\"position\":2,\"name\":\"Rules\",\"item\":\"https:\\\/\\\/trailrun.ee\\\/en\\\/rules\\\/\"},{\"@type\":\"ListItem\",\"position\":3,\"name\":\"P\u00e4\u00e4sk\u00fcla Charity 21st Raba Marathon 11.11.2023\"}]},{\"@type\":\"WebSite\",\"@id\":\"https:\\\/\\\/trailrun.ee\\\/en\\\/#website\",\"url\":\"https:\\\/\\\/trailrun.ee\\\/en\\\/\",\"name\":\"trailrun.ee\",\"description\":\"R\u00f5uge Trail Run, P\u00e4\u00e4sk\u00fcla raba maraton, Haanja 100Ultra\",\"publisher\":{\"@id\":\"https:\\\/\\\/trailrun.ee\\\/en\\\/#organization\"},\"potentialAction\":[{\"@type\":\"SearchAction\",\"target\":{\"@type\":\"EntryPoint\",\"urlTemplate\":\"https:\\\/\\\/trailrun.ee\\\/en\\\/?s={search_term_string}\"},\"query-input\":{\"@type\":\"PropertyValueSpecification\",\"valueRequired\":true,\"valueName\":\"search_term_string\"}}],\"inLanguage\":\"en-US\"},{\"@type\":\"Organization\",\"@id\":\"https:\\\/\\\/trailrun.ee\\\/en\\\/#organization\",\"name\":\"trailrun.ee\",\"url\":\"https:\\\/\\\/trailrun.ee\\\/en\\\/\",\"logo\":{\"@type\":\"ImageObject\",\"inLanguage\":\"en-US\",\"@id\":\"https:\\\/\\\/trailrun.ee\\\/en\\\/#\\\/schema\\\/logo\\\/image\\\/\",\"url\":\"https:\\\/\\\/trailrun.ee\\\/wp-content\\\/uploads\\\/2016\\\/02\\\/trailrun_logo.png\",\"contentUrl\":\"https:\\\/\\\/trailrun.ee\\\/wp-content\\\/uploads\\\/2016\\\/02\\\/trailrun_logo.png\",\"width\":174,\"height\":90,\"caption\":\"trailrun.ee\"},\"image\":{\"@id\":\"https:\\\/\\\/trailrun.ee\\\/en\\\/#\\\/schema\\\/logo\\\/image\\\/\"},\"sameAs\":[\"https:\\\/\\\/www.facebook.com\\\/haanjaultra100\"]}]}<\/script>\n<!-- \/ Yoast SEO plugin. -->","yoast_head_json":{"title":"P\u00e4\u00e4sk\u00fcla Charity 21st Raba Marathon 11.11.2023 - trailrun.ee","robots":{"index":"index","follow":"follow","max-snippet":"max-snippet:-1","max-image-preview":"max-image-preview:large","max-video-preview":"max-video-preview:-1"},"canonical":"https:\/\/trailrun.ee\/en\/rules\/paaskula-raba-marathon\/","og_locale":"en_US","og_type":"article","og_title":"P\u00e4\u00e4sk\u00fcla Charity 21st Raba Marathon 11.11.2023 - trailrun.ee","og_description":"Regulations What: P\u00e4\u00e4sk\u00fcla Charity 21st Raba Marathon Where: Hiiu 50, Tallinn, Estonia When: 11th of November 2023 Races: Marathon 42,2km &#8211; 10 times of 4,22km lap, start at 11:00 Half-marathon 21,1km &#8211; 5 times of 4,22km lap, start at 12:30 Participants: 42,2km is open for everybody born before 11.11.2005 21,1km is open for everybody born [&hellip;]","og_url":"https:\/\/trailrun.ee\/en\/rules\/paaskula-raba-marathon\/","og_site_name":"trailrun.ee","article_publisher":"https:\/\/www.facebook.com\/haanjaultra100","article_modified_time":"2023-10-24T07:25:58+00:00","og_image":[{"width":174,"height":90,"url":"https:\/\/trailrun.ee\/wp-content\/uploads\/2016\/02\/trailrun_logo.png","type":"image\/png"}],"twitter_card":"summary_large_image","twitter_misc":{"Est. reading time":"2 minutes"},"schema":{"@context":"https:\/\/schema.org","@graph":[{"@type":"WebPage","@id":"https:\/\/trailrun.ee\/en\/rules\/paaskula-raba-marathon\/","url":"https:\/\/trailrun.ee\/en\/rules\/paaskula-raba-marathon\/","name":"P\u00e4\u00e4sk\u00fcla Charity 21st Raba Marathon 11.11.2023 - trailrun.ee","isPartOf":{"@id":"https:\/\/trailrun.ee\/en\/#website"},"datePublished":"2016-03-03T20:56:20+00:00","dateModified":"2023-10-24T07:25:58+00:00","breadcrumb":{"@id":"https:\/\/trailrun.ee\/en\/rules\/paaskula-raba-marathon\/#breadcrumb"},"inLanguage":"en-US","potentialAction":[{"@type":"ReadAction","target":["https:\/\/trailrun.ee\/en\/rules\/paaskula-raba-marathon\/"]}]},{"@type":"BreadcrumbList","@id":"https:\/\/trailrun.ee\/en\/rules\/paaskula-raba-marathon\/#breadcrumb","itemListElement":[{"@type":"ListItem","position":1,"name":"Home","item":"https:\/\/trailrun.ee\/en\/"},{"@type":"ListItem","position":2,"name":"Rules","item":"https:\/\/trailrun.ee\/en\/rules\/"},{"@type":"ListItem","position":3,"name":"P\u00e4\u00e4sk\u00fcla Charity 21st Raba Marathon 11.11.2023"}]},{"@type":"WebSite","@id":"https:\/\/trailrun.ee\/en\/#website","url":"https:\/\/trailrun.ee\/en\/","name":"trailrun.ee","description":"R\u00f5uge Trail Run, P\u00e4\u00e4sk\u00fcla raba maraton, Haanja 100Ultra","publisher":{"@id":"https:\/\/trailrun.ee\/en\/#organization"},"potentialAction":[{"@type":"SearchAction","target":{"@type":"EntryPoint","urlTemplate":"https:\/\/trailrun.ee\/en\/?s={search_term_string}"},"query-input":{"@type":"PropertyValueSpecification","valueRequired":true,"valueName":"search_term_string"}}],"inLanguage":"en-US"},{"@type":"Organization","@id":"https:\/\/trailrun.ee\/en\/#organization","name":"trailrun.ee","url":"https:\/\/trailrun.ee\/en\/","logo":{"@type":"ImageObject","inLanguage":"en-US","@id":"https:\/\/trailrun.ee\/en\/#\/schema\/logo\/image\/","url":"https:\/\/trailrun.ee\/wp-content\/uploads\/2016\/02\/trailrun_logo.png","contentUrl":"https:\/\/trailrun.ee\/wp-content\/uploads\/2016\/02\/trailrun_logo.png","width":174,"height":90,"caption":"trailrun.ee"},"image":{"@id":"https:\/\/trailrun.ee\/en\/#\/schema\/logo\/image\/"},"sameAs":["https:\/\/www.facebook.com\/haanjaultra100"]}]}},"_links":{"self":[{"href":"https:\/\/trailrun.ee\/en\/wp-json\/wp\/v2\/pages\/252","targetHints":{"allow":["GET"]}}],"collection":[{"href":"https:\/\/trailrun.ee\/en\/wp-json\/wp\/v2\/pages"}],"about":[{"href":"https:\/\/trailrun.ee\/en\/wp-json\/wp\/v2\/types\/page"}],"author":[{"embeddable":true,"href":"https:\/\/trailrun.ee\/en\/wp-json\/wp\/v2\/users\/1"}],"replies":[{"embeddable":true,"href":"https:\/\/trailrun.ee\/en\/wp-json\/wp\/v2\/comments?post=252"}],"version-history":[{"count":26,"href":"https:\/\/trailrun.ee\/en\/wp-json\/wp\/v2\/pages\/252\/revisions"}],"predecessor-version":[{"id":5392,"href":"https:\/\/trailrun.ee\/en\/wp-json\/wp\/v2\/pages\/252\/revisions\/5392"}],"up":[{"embeddable":true,"href":"https:\/\/trailrun.ee\/en\/wp-json\/wp\/v2\/pages\/68"}],"wp:attachment":[{"href":"https:\/\/trailrun.ee\/en\/wp-json\/wp\/v2\/media?parent=252"}],"curies":[{"name":"wp","href":"https:\/\/api.w.org\/{rel}","templated":true}]}}