{"id":375,"date":"2016-08-29T21:42:39","date_gmt":"2016-08-29T18:42:39","guid":{"rendered":"http:\/\/trailrun.ee\/en\/?page_id=375"},"modified":"2025-09-01T21:15:54","modified_gmt":"2025-09-01T18:15:54","slug":"haanja-ultra100","status":"publish","type":"page","link":"https:\/\/trailrun.ee\/en\/rules\/haanja-ultra100\/","title":{"rendered":"16th Haanja Ultra100 2025 rules and regulations"},"content":{"rendered":"<ul>\n<li><strong>Why:<\/strong><br \/>\nAs there is Haanja100 MTB and Haanja100 Ski, there has to be Haanja100 footrace\u00a0too!<\/li>\n<li><strong>When and where:<\/strong><br \/>\nSaturday, October 25th 2025. The race center is situated at the <a href=\"https:\/\/goo.gl\/maps\/6vbejzGVMBr8BWzA9\">Haanja Ski Center!<\/a><\/li>\n<li><strong>How much:<\/strong><br \/>\nThere are two distances \u2013 Ultra (100km) and Marathon (42,195m). Every\u00a0participant has to make the choice of the distance on the registration to the race. It\u2019s\u00a0not possible to change the chosen distance during the race.<br \/>\n&#8211; full ultra-distance is 100km and it consists of 15 laps of 6,67km each. In order to get the result on the ultra-distance, participant has to cover at least 7 laps (46,67km). The winner of the ultra-distance is the fastest coverer of 100km or as many laps as possible. Start for the ultrarace is at 7am!<br \/>\n&#8211; marathon consists of a 2,2km extra loop at the beginning and six 6,67km main laps. Start for the marathon is at 7:10am.<br \/>\nControl-time of the ultra-distance is 15h, the deadline for starting the 14th lap is 9pm, finish will be closed at 10pm.<br \/>\nEvery 6,67km lap has 2 feeding-stations \u2013 on the 3,7 kilometer of the lap and in the race centre at the end of each lap.<br \/>\nVertical ascent is about 125m for one lap!<\/li>\n<li><strong>Who and how:<\/strong><br \/>\nUltra-distance has 2 competition classes \u2013 men and women.<br \/>\nMarathon-distance is not an official race and competition is not held.<br \/>\nBoth distances (ultra and marathon) are open for anyone who was born on 2nd of November 2006 or earlier and are fit enough to finish the race.<br \/>\nOn the ultra distance it\u2019s allowed to use skiing- or nordic-walking poles, all other\u00a0means are not allowed.<br \/>\nUntil dawn (8:09am) and after tusk (from 5:42pm) it will be dark and using of headlamps or other lihgtning devices is obligatory before the dawn and after the dusk!!!<\/li>\n<li><strong>Registration and entry fee:<\/strong><br \/>\nThe registration begins on 1st of September 2025 via following channels:<br \/>\n&#8211; via website www.trailrun.ee<br \/>\n&#8211; via e-mail &#105;&#110;&#x66;&#x6f;&#64;&#104;&#x61;&#x61;&#110;&#106;&#x61;&#x6d;&#97;&#116;&#x6b;&#x61;&#100;&#46;&#x65;&#x65;<br \/>\n<strong>NB!<\/strong> Participants who like to receive an invoice should inform the organizer before\u00a0paying entry fee.<br \/>\n<strong>Entry fees for the ultradistance are:<br \/>\n<\/strong>Early bird price until 30.09.2025 \u2013 72\u20ac<br \/>\nNormal price until 19.10.2025 \u2013 84\u20ac<br \/>\nLast minute price until 23.10.2025 \u201396\u20ac<br \/>\nEntry fee of the ultra-distance includes: marked route, bib number with participants name, electronic time-keeping, feeding-stations, after-race meal, after-race relaxation in sauna, diploma, awarding and 100km finishers medal.<br \/>\n<strong>Entry fees for the marathon distance are:<\/strong><br \/>\nEarly bird price until 30.09.2025 \u2013 42\u20ac<br \/>\nNormal price until 27.10.2025 \u2013\u00a0 50\u20ac<br \/>\nLast minute price until 30.10.2025 \u2013 60\u20ac<br \/>\nEntry fee of the marathon-distance includes: marked route, bib number with participants name, electronic time-keeping, feeding-stations, after-race meal, after-race relaxation in sauna, diploma and 42,2km finishers medal.<\/li>\n<li><strong>Awarding:<\/strong><br \/>\nAwarding of the ultra-distance takes place as soon as 3 best in every competition class have finished.<br \/>\nThree best of both competition classes will be awarded.<br \/>\nMarathon is not an official race.<\/li>\n<li><strong>Special rules:<\/strong><br \/>\n&#8211; everyone will participate in the race at their own responsibility,<br \/>\n&#8211; it is possible to change clothes and footwear during the race only in the transition area,<br \/>\n&#8211; in feeding stations will be offered fresh water, tea, hot isotonic drink,\u00a0 cola, salt, bread, salted cucumber (pickles), banana, raisins, salted peanuts, crisps, chocolate and something special too<br \/>\n&#8211; with registration every participant declares, that he\/she has read these rules and he\/she is\u00a0ready to follow them.<br \/>\n<strong>NB! KEEP THE NATURE CLEAN!<\/strong> Please don&#8217;t throw trash (used packages, bottles) into\u00a0the nature. You can put them into the trash-can in every feeding station.<\/li>\n<li><strong>Organizer and info:<\/strong><br \/>\nSK Haanja Rattamaratonid MT\u00dc, e-mail: info[\u00e4t]haanjamatkad.ee, phone: +372 511 4179 (Mr. Ivar Tupp, speaking English, Finnish).<\/li>\n<\/ul>\n","protected":false},"excerpt":{"rendered":"<p>Why: As there is Haanja100 MTB and Haanja100 Ski, there has to be Haanja100 footrace\u00a0too! When and where: Saturday, October 25th 2025. The race center is situated at the Haanja Ski Center! How much: There are two distances \u2013 Ultra (100km) and Marathon (42,195m). Every\u00a0participant has to make the choice of the distance on the [&hellip;]<\/p>\n","protected":false},"author":1,"featured_media":0,"parent":68,"menu_order":0,"comment_status":"closed","ping_status":"closed","template":"","meta":{"_acf_changed":false,"footnotes":""},"class_list":["post-375","page","type-page","status-publish","hentry"],"acf":[],"yoast_head":"<!-- This site is optimized with the Yoast SEO plugin v27.4 - https:\/\/yoast.com\/product\/yoast-seo-wordpress\/ -->\n<title>Haanja Ultra100 rules - trailrun.ee<\/title>\n<meta name=\"description\" content=\"As there is Haanja100 MTB and Haanja100 Ski, there has to be Haanja100 footrace too! Saturday, October 29 th 2016, Haanja Ski Centre.\" \/>\n<meta name=\"robots\" content=\"index, follow, max-snippet:-1, max-image-preview:large, max-video-preview:-1\" \/>\n<link rel=\"canonical\" href=\"https:\/\/trailrun.ee\/en\/rules\/haanja-ultra100\/\" \/>\n<meta property=\"og:locale\" content=\"en_US\" \/>\n<meta property=\"og:type\" content=\"article\" \/>\n<meta property=\"og:title\" content=\"Haanja Ultra100 rules - trailrun.ee\" \/>\n<meta property=\"og:description\" content=\"As there is Haanja100 MTB and Haanja100 Ski, there has to be Haanja100 footrace too! Saturday, October 29 th 2016, Haanja Ski Centre.\" \/>\n<meta property=\"og:url\" content=\"https:\/\/trailrun.ee\/en\/rules\/haanja-ultra100\/\" \/>\n<meta property=\"og:site_name\" content=\"trailrun.ee\" \/>\n<meta property=\"article:publisher\" content=\"https:\/\/www.facebook.com\/haanjaultra100\" \/>\n<meta property=\"article:modified_time\" content=\"2025-09-01T18:15:54+00:00\" \/>\n<meta property=\"og:image\" content=\"https:\/\/trailrun.ee\/wp-content\/uploads\/2016\/02\/trailrun_logo.png\" \/>\n\t<meta property=\"og:image:width\" content=\"174\" \/>\n\t<meta property=\"og:image:height\" content=\"90\" \/>\n\t<meta property=\"og:image:type\" content=\"image\/png\" \/>\n<meta name=\"twitter:card\" content=\"summary_large_image\" \/>\n<meta name=\"twitter:label1\" content=\"Est. reading time\" \/>\n\t<meta name=\"twitter:data1\" content=\"4 minutes\" \/>\n<script type=\"application\/ld+json\" class=\"yoast-schema-graph\">{\"@context\":\"https:\\\/\\\/schema.org\",\"@graph\":[{\"@type\":\"WebPage\",\"@id\":\"https:\\\/\\\/trailrun.ee\\\/en\\\/rules\\\/haanja-ultra100\\\/\",\"url\":\"https:\\\/\\\/trailrun.ee\\\/en\\\/rules\\\/haanja-ultra100\\\/\",\"name\":\"Haanja Ultra100 rules - trailrun.ee\",\"isPartOf\":{\"@id\":\"https:\\\/\\\/trailrun.ee\\\/en\\\/#website\"},\"datePublished\":\"2016-08-29T18:42:39+00:00\",\"dateModified\":\"2025-09-01T18:15:54+00:00\",\"description\":\"As there is Haanja100 MTB and Haanja100 Ski, there has to be Haanja100 footrace too! Saturday, October 29 th 2016, Haanja Ski Centre.\",\"breadcrumb\":{\"@id\":\"https:\\\/\\\/trailrun.ee\\\/en\\\/rules\\\/haanja-ultra100\\\/#breadcrumb\"},\"inLanguage\":\"en-US\",\"potentialAction\":[{\"@type\":\"ReadAction\",\"target\":[\"https:\\\/\\\/trailrun.ee\\\/en\\\/rules\\\/haanja-ultra100\\\/\"]}]},{\"@type\":\"BreadcrumbList\",\"@id\":\"https:\\\/\\\/trailrun.ee\\\/en\\\/rules\\\/haanja-ultra100\\\/#breadcrumb\",\"itemListElement\":[{\"@type\":\"ListItem\",\"position\":1,\"name\":\"Home\",\"item\":\"https:\\\/\\\/trailrun.ee\\\/en\\\/\"},{\"@type\":\"ListItem\",\"position\":2,\"name\":\"Rules\",\"item\":\"https:\\\/\\\/trailrun.ee\\\/en\\\/rules\\\/\"},{\"@type\":\"ListItem\",\"position\":3,\"name\":\"16th Haanja Ultra100 2025 rules and regulations\"}]},{\"@type\":\"WebSite\",\"@id\":\"https:\\\/\\\/trailrun.ee\\\/en\\\/#website\",\"url\":\"https:\\\/\\\/trailrun.ee\\\/en\\\/\",\"name\":\"trailrun.ee\",\"description\":\"R\u00f5uge Trail Run, P\u00e4\u00e4sk\u00fcla raba maraton, Haanja 100Ultra\",\"publisher\":{\"@id\":\"https:\\\/\\\/trailrun.ee\\\/en\\\/#organization\"},\"potentialAction\":[{\"@type\":\"SearchAction\",\"target\":{\"@type\":\"EntryPoint\",\"urlTemplate\":\"https:\\\/\\\/trailrun.ee\\\/en\\\/?s={search_term_string}\"},\"query-input\":{\"@type\":\"PropertyValueSpecification\",\"valueRequired\":true,\"valueName\":\"search_term_string\"}}],\"inLanguage\":\"en-US\"},{\"@type\":\"Organization\",\"@id\":\"https:\\\/\\\/trailrun.ee\\\/en\\\/#organization\",\"name\":\"trailrun.ee\",\"url\":\"https:\\\/\\\/trailrun.ee\\\/en\\\/\",\"logo\":{\"@type\":\"ImageObject\",\"inLanguage\":\"en-US\",\"@id\":\"https:\\\/\\\/trailrun.ee\\\/en\\\/#\\\/schema\\\/logo\\\/image\\\/\",\"url\":\"https:\\\/\\\/trailrun.ee\\\/wp-content\\\/uploads\\\/2016\\\/02\\\/trailrun_logo.png\",\"contentUrl\":\"https:\\\/\\\/trailrun.ee\\\/wp-content\\\/uploads\\\/2016\\\/02\\\/trailrun_logo.png\",\"width\":174,\"height\":90,\"caption\":\"trailrun.ee\"},\"image\":{\"@id\":\"https:\\\/\\\/trailrun.ee\\\/en\\\/#\\\/schema\\\/logo\\\/image\\\/\"},\"sameAs\":[\"https:\\\/\\\/www.facebook.com\\\/haanjaultra100\"]}]}<\/script>\n<!-- \/ Yoast SEO plugin. -->","yoast_head_json":{"title":"Haanja Ultra100 rules - trailrun.ee","description":"As there is Haanja100 MTB and Haanja100 Ski, there has to be Haanja100 footrace too! Saturday, October 29 th 2016, Haanja Ski Centre.","robots":{"index":"index","follow":"follow","max-snippet":"max-snippet:-1","max-image-preview":"max-image-preview:large","max-video-preview":"max-video-preview:-1"},"canonical":"https:\/\/trailrun.ee\/en\/rules\/haanja-ultra100\/","og_locale":"en_US","og_type":"article","og_title":"Haanja Ultra100 rules - trailrun.ee","og_description":"As there is Haanja100 MTB and Haanja100 Ski, there has to be Haanja100 footrace too! Saturday, October 29 th 2016, Haanja Ski Centre.","og_url":"https:\/\/trailrun.ee\/en\/rules\/haanja-ultra100\/","og_site_name":"trailrun.ee","article_publisher":"https:\/\/www.facebook.com\/haanjaultra100","article_modified_time":"2025-09-01T18:15:54+00:00","og_image":[{"width":174,"height":90,"url":"https:\/\/trailrun.ee\/wp-content\/uploads\/2016\/02\/trailrun_logo.png","type":"image\/png"}],"twitter_card":"summary_large_image","twitter_misc":{"Est. reading time":"4 minutes"},"schema":{"@context":"https:\/\/schema.org","@graph":[{"@type":"WebPage","@id":"https:\/\/trailrun.ee\/en\/rules\/haanja-ultra100\/","url":"https:\/\/trailrun.ee\/en\/rules\/haanja-ultra100\/","name":"Haanja Ultra100 rules - trailrun.ee","isPartOf":{"@id":"https:\/\/trailrun.ee\/en\/#website"},"datePublished":"2016-08-29T18:42:39+00:00","dateModified":"2025-09-01T18:15:54+00:00","description":"As there is Haanja100 MTB and Haanja100 Ski, there has to be Haanja100 footrace too! Saturday, October 29 th 2016, Haanja Ski Centre.","breadcrumb":{"@id":"https:\/\/trailrun.ee\/en\/rules\/haanja-ultra100\/#breadcrumb"},"inLanguage":"en-US","potentialAction":[{"@type":"ReadAction","target":["https:\/\/trailrun.ee\/en\/rules\/haanja-ultra100\/"]}]},{"@type":"BreadcrumbList","@id":"https:\/\/trailrun.ee\/en\/rules\/haanja-ultra100\/#breadcrumb","itemListElement":[{"@type":"ListItem","position":1,"name":"Home","item":"https:\/\/trailrun.ee\/en\/"},{"@type":"ListItem","position":2,"name":"Rules","item":"https:\/\/trailrun.ee\/en\/rules\/"},{"@type":"ListItem","position":3,"name":"16th Haanja Ultra100 2025 rules and regulations"}]},{"@type":"WebSite","@id":"https:\/\/trailrun.ee\/en\/#website","url":"https:\/\/trailrun.ee\/en\/","name":"trailrun.ee","description":"R\u00f5uge Trail Run, P\u00e4\u00e4sk\u00fcla raba maraton, Haanja 100Ultra","publisher":{"@id":"https:\/\/trailrun.ee\/en\/#organization"},"potentialAction":[{"@type":"SearchAction","target":{"@type":"EntryPoint","urlTemplate":"https:\/\/trailrun.ee\/en\/?s={search_term_string}"},"query-input":{"@type":"PropertyValueSpecification","valueRequired":true,"valueName":"search_term_string"}}],"inLanguage":"en-US"},{"@type":"Organization","@id":"https:\/\/trailrun.ee\/en\/#organization","name":"trailrun.ee","url":"https:\/\/trailrun.ee\/en\/","logo":{"@type":"ImageObject","inLanguage":"en-US","@id":"https:\/\/trailrun.ee\/en\/#\/schema\/logo\/image\/","url":"https:\/\/trailrun.ee\/wp-content\/uploads\/2016\/02\/trailrun_logo.png","contentUrl":"https:\/\/trailrun.ee\/wp-content\/uploads\/2016\/02\/trailrun_logo.png","width":174,"height":90,"caption":"trailrun.ee"},"image":{"@id":"https:\/\/trailrun.ee\/en\/#\/schema\/logo\/image\/"},"sameAs":["https:\/\/www.facebook.com\/haanjaultra100"]}]}},"_links":{"self":[{"href":"https:\/\/trailrun.ee\/en\/wp-json\/wp\/v2\/pages\/375","targetHints":{"allow":["GET"]}}],"collection":[{"href":"https:\/\/trailrun.ee\/en\/wp-json\/wp\/v2\/pages"}],"about":[{"href":"https:\/\/trailrun.ee\/en\/wp-json\/wp\/v2\/types\/page"}],"author":[{"embeddable":true,"href":"https:\/\/trailrun.ee\/en\/wp-json\/wp\/v2\/users\/1"}],"replies":[{"embeddable":true,"href":"https:\/\/trailrun.ee\/en\/wp-json\/wp\/v2\/comments?post=375"}],"version-history":[{"count":40,"href":"https:\/\/trailrun.ee\/en\/wp-json\/wp\/v2\/pages\/375\/revisions"}],"predecessor-version":[{"id":6145,"href":"https:\/\/trailrun.ee\/en\/wp-json\/wp\/v2\/pages\/375\/revisions\/6145"}],"up":[{"embeddable":true,"href":"https:\/\/trailrun.ee\/en\/wp-json\/wp\/v2\/pages\/68"}],"wp:attachment":[{"href":"https:\/\/trailrun.ee\/en\/wp-json\/wp\/v2\/media?parent=375"}],"curies":[{"name":"wp","href":"https:\/\/api.w.org\/{rel}","templated":true}]}}