{"id":4091,"date":"2021-11-07T10:50:37","date_gmt":"2021-11-07T08:50:37","guid":{"rendered":"https:\/\/trailrun.ee\/?page_id=4091"},"modified":"2024-06-09T18:37:03","modified_gmt":"2024-06-09T15:37:03","slug":"haanja-ultra100-hall-of-fame","status":"publish","type":"page","link":"https:\/\/trailrun.ee\/en\/haanja-ultra100-hall-of-fame\/","title":{"rendered":"Haanja Ultra100 &#8220;Hall of Fame&#8221;"},"content":{"rendered":"<p>Fourteen Haanja Ultra 100 events have brought 625 different runners-hikers to the starting line, who have covered a total of 95769 kilometers, or more than 2 times around the globe!<\/p>\n<p><span class=\"VIiyi\" lang=\"en\"><span class=\"JLqJ4b ChMk0b\" data-language-for-alternatives=\"en\" data-language-to-translate-into=\"et\" data-phrase-index=\"2\" data-number-of-phrases=\"6\">Only 1 of them have participated at all times &#8211; T\u00f5nu &#8220;will do it all&#8221; Hendrikson, whereas T\u00f5nu has also done full 100km every time.<\/span> <span class=\"JLqJ4b ChMk0b\" data-language-for-alternatives=\"en\" data-language-to-translate-into=\"et\" data-phrase-index=\"3\" data-number-of-phrases=\"6\">RESPECTt!<\/span><\/span><\/p>\n<p><span class=\"JLqJ4b ChMk0b\" data-language-for-alternatives=\"en\" data-language-to-translate-into=\"et\" data-phrase-index=\"5\" data-number-of-phrases=\"6\">You can become a member of Haanja Ultra100 Hall of Fame with 500 kilometers, there are already 31 of them in the list!<\/span><\/p>\n<table width=\"506\">\n<tbody>\n<tr>\n<td style=\"text-align: center;\" width=\"61\">Jrk<\/td>\n<td style=\"text-align: left;\" width=\"199\">Nimi<\/td>\n<td style=\"text-align: center;\" width=\"122\">Kilomeetrid<\/td>\n<td style=\"text-align: center;\" width=\"124\">Osaluskorrad<\/td>\n<\/tr>\n<tr>\n<td style=\"text-align: center;\">1<\/td>\n<td style=\"text-align: left;\">T\u00f5nu Hendrikson<\/td>\n<td style=\"text-align: center;\">1400<\/td>\n<td style=\"text-align: center;\">14<\/td>\n<\/tr>\n<tr>\n<td style=\"text-align: center;\">2<\/td>\n<td style=\"text-align: left;\">Sander Hannus<\/td>\n<td style=\"text-align: center;\">1253.33<\/td>\n<td style=\"text-align: center;\">13<\/td>\n<\/tr>\n<tr>\n<td style=\"text-align: center;\">3<\/td>\n<td style=\"text-align: left;\">\u00dclar Aasa<\/td>\n<td style=\"text-align: center;\">1200<\/td>\n<td style=\"text-align: center;\">12<\/td>\n<\/tr>\n<tr>\n<td style=\"text-align: center;\">4<\/td>\n<td style=\"text-align: left;\">Peeter Hendrikson<\/td>\n<td style=\"text-align: center;\">1187.50<\/td>\n<td style=\"text-align: center;\">12<\/td>\n<\/tr>\n<tr>\n<td style=\"text-align: center;\">5<\/td>\n<td style=\"text-align: left;\">Raili R\u00fc\u00fctel<\/td>\n<td style=\"text-align: center;\">1148.75<\/td>\n<td style=\"text-align: center;\">13<\/td>\n<\/tr>\n<tr>\n<td style=\"text-align: center;\">6<\/td>\n<td style=\"text-align: left;\">Jaak Rohtsalu<\/td>\n<td style=\"text-align: center;\">1100<\/td>\n<td style=\"text-align: center;\">11<\/td>\n<\/tr>\n<tr>\n<td style=\"text-align: center;\">7<\/td>\n<td style=\"text-align: left;\">Heno Ivanov<\/td>\n<td style=\"text-align: center;\">1000<\/td>\n<td style=\"text-align: center;\">10<\/td>\n<\/tr>\n<tr>\n<td style=\"text-align: center;\">8<\/td>\n<td style=\"text-align: left;\">Olle R\u00f5uk<\/td>\n<td style=\"text-align: center;\">873.33<\/td>\n<td style=\"text-align: center;\">9<\/td>\n<\/tr>\n<tr>\n<td style=\"text-align: center;\">9<\/td>\n<td style=\"text-align: left;\">Krista Jalajas<\/td>\n<td style=\"text-align: center;\">810<\/td>\n<td style=\"text-align: center;\">9<\/td>\n<\/tr>\n<tr>\n<td style=\"text-align: center;\">10<\/td>\n<td style=\"text-align: left;\">Elmo Soomets<\/td>\n<td style=\"text-align: center;\">800<\/td>\n<td style=\"text-align: center;\">8<\/td>\n<\/tr>\n<tr>\n<td style=\"text-align: center;\">11<\/td>\n<td style=\"text-align: left;\">Aivar Luud<\/td>\n<td style=\"text-align: center;\">800<\/td>\n<td style=\"text-align: center;\">8<\/td>\n<\/tr>\n<tr>\n<td style=\"text-align: center;\">12<\/td>\n<td style=\"text-align: left;\">Kaisa V\u00e4hi<\/td>\n<td style=\"text-align: center;\">792.08<\/td>\n<td style=\"text-align: center;\">13<\/td>\n<\/tr>\n<tr>\n<td style=\"text-align: center;\">13<\/td>\n<td style=\"text-align: left;\">Erkki V\u00e4hi<\/td>\n<td style=\"text-align: center;\">785.42<\/td>\n<td style=\"text-align: center;\">13<\/td>\n<\/tr>\n<tr>\n<td style=\"text-align: center;\">14<\/td>\n<td>Jaanus Kaur<\/td>\n<td style=\"text-align: center;\">780<\/td>\n<td style=\"text-align: center;\">9<\/td>\n<\/tr>\n<tr>\n<td style=\"text-align: center;\">15<\/td>\n<td style=\"text-align: left;\">Erko Kurvits<\/td>\n<td style=\"text-align: center;\">766.60<\/td>\n<td style=\"text-align: center;\">10<\/td>\n<\/tr>\n<tr>\n<td style=\"text-align: center;\">16<\/td>\n<td style=\"text-align: left;\">Priit Valk<\/td>\n<td style=\"text-align: center;\">740<\/td>\n<td style=\"text-align: center;\">8<\/td>\n<\/tr>\n<tr>\n<td style=\"text-align: center;\">17<\/td>\n<td style=\"text-align: left;\">Cris Poll<\/td>\n<td style=\"text-align: center;\">713.33<\/td>\n<td style=\"text-align: center;\">8<\/td>\n<\/tr>\n<tr>\n<td style=\"text-align: center;\">18<\/td>\n<td style=\"text-align: left;\">Peteris Cabulis<\/td>\n<td style=\"text-align: center;\">665.53<\/td>\n<td style=\"text-align: center;\">8<\/td>\n<\/tr>\n<tr>\n<td style=\"text-align: center;\">19<\/td>\n<td style=\"text-align: left;\">Hannes Veide<\/td>\n<td style=\"text-align: center;\">660<\/td>\n<td style=\"text-align: center;\">7<\/td>\n<\/tr>\n<tr>\n<td style=\"text-align: center;\">20<\/td>\n<td style=\"text-align: left;\">Maive Vill<\/td>\n<td style=\"text-align: center;\">660<\/td>\n<td style=\"text-align: center;\">7<\/td>\n<\/tr>\n<tr>\n<td style=\"text-align: center;\">21<\/td>\n<td style=\"text-align: left;\">Jaanis Merila<\/td>\n<td style=\"text-align: center;\">650<\/td>\n<td style=\"text-align: center;\">9<\/td>\n<\/tr>\n<tr>\n<td style=\"text-align: center;\">22<\/td>\n<td style=\"text-align: left;\">Ulvi Lond<\/td>\n<td style=\"text-align: center;\">633.33<\/td>\n<td style=\"text-align: center;\">7<\/td>\n<\/tr>\n<tr>\n<td style=\"text-align: center;\">23<\/td>\n<td style=\"text-align: left;\">Veiko Busch<\/td>\n<td style=\"text-align: center;\">602.06<\/td>\n<td style=\"text-align: center;\">11<\/td>\n<\/tr>\n<tr>\n<td style=\"text-align: center;\">24<\/td>\n<td style=\"text-align: left;\">Marjaliisa Umb<\/td>\n<td style=\"text-align: center;\">600<\/td>\n<td style=\"text-align: center;\">6<\/td>\n<\/tr>\n<tr>\n<td style=\"text-align: center;\">25<\/td>\n<td style=\"text-align: left;\">Rain Vellerind<\/td>\n<td style=\"text-align: center;\">560<\/td>\n<td style=\"text-align: center;\">6<\/td>\n<\/tr>\n<tr>\n<td style=\"text-align: center;\">26<\/td>\n<td style=\"text-align: left;\">Valdo Kanem\u00e4gi<\/td>\n<td style=\"text-align: center;\">524.33<\/td>\n<td style=\"text-align: center;\">9<\/td>\n<\/tr>\n<tr>\n<td style=\"text-align: center;\">27<\/td>\n<td style=\"text-align: left;\">Rait Ratasepp<\/td>\n<td style=\"text-align: center;\">513.33<\/td>\n<td style=\"text-align: center;\">6<\/td>\n<\/tr>\n<tr>\n<td style=\"text-align: center;\">28<\/td>\n<td style=\"text-align: left;\">Blanca Punt<\/td>\n<td style=\"text-align: center;\">500<\/td>\n<td style=\"text-align: center;\">5<\/td>\n<\/tr>\n<tr>\n<td style=\"text-align: center;\">29<\/td>\n<td style=\"text-align: left;\">Ene Ojaperv<\/td>\n<td style=\"text-align: center;\">500<\/td>\n<td style=\"text-align: center;\">7<\/td>\n<\/tr>\n<tr>\n<td style=\"text-align: center;\">30<\/td>\n<td style=\"text-align: left;\">Martins Sirmais<\/td>\n<td style=\"text-align: center;\">500<\/td>\n<td style=\"text-align: center;\">5<\/td>\n<\/tr>\n<tr>\n<td style=\"text-align: center;\">31<\/td>\n<td style=\"text-align: left;\">Sander Jaama<\/td>\n<td style=\"text-align: center;\">500<\/td>\n<td style=\"text-align: center;\">5<\/td>\n<\/tr>\n<\/tbody>\n<\/table>\n<p><a href=\"https:\/\/trailrun.ee\/wp-content\/uploads\/2023\/10\/ultra100_km_2010_2023.xls\">Haanja Ultra100 full statistics 2010-2023<\/a><\/p>\n","protected":false},"excerpt":{"rendered":"<p>Fourteen Haanja Ultra 100 events have brought 625 different runners-hikers to the starting line, who have covered a total of 95769 kilometers, or more than 2 times around the globe! Only 1 of them have participated at all times &#8211; T\u00f5nu &#8220;will do it all&#8221; Hendrikson, whereas T\u00f5nu has also done full 100km every time. [&hellip;]<\/p>\n","protected":false},"author":2,"featured_media":0,"parent":0,"menu_order":0,"comment_status":"closed","ping_status":"closed","template":"","meta":{"_acf_changed":false,"footnotes":""},"class_list":["post-4091","page","type-page","status-publish","hentry"],"acf":[],"yoast_head":"<!-- This site is optimized with the Yoast SEO plugin v27.4 - https:\/\/yoast.com\/product\/yoast-seo-wordpress\/ -->\n<title>Haanja Ultra100 &quot;Hall of Fame&quot; - trailrun.ee<\/title>\n<meta name=\"robots\" content=\"index, follow, max-snippet:-1, max-image-preview:large, max-video-preview:-1\" \/>\n<link rel=\"canonical\" href=\"https:\/\/trailrun.ee\/en\/haanja-ultra100-hall-of-fame\/\" \/>\n<meta property=\"og:locale\" content=\"en_US\" \/>\n<meta property=\"og:type\" content=\"article\" \/>\n<meta property=\"og:title\" content=\"Haanja Ultra100 &quot;Hall of Fame&quot; - trailrun.ee\" \/>\n<meta property=\"og:description\" content=\"Fourteen Haanja Ultra 100 events have brought 625 different runners-hikers to the starting line, who have covered a total of 95769 kilometers, or more than 2 times around the globe! Only 1 of them have participated at all times &#8211; T\u00f5nu &#8220;will do it all&#8221; Hendrikson, whereas T\u00f5nu has also done full 100km every time. [&hellip;]\" \/>\n<meta property=\"og:url\" content=\"https:\/\/trailrun.ee\/en\/haanja-ultra100-hall-of-fame\/\" \/>\n<meta property=\"og:site_name\" content=\"trailrun.ee\" \/>\n<meta property=\"article:publisher\" content=\"https:\/\/www.facebook.com\/haanjaultra100\" \/>\n<meta property=\"article:modified_time\" content=\"2024-06-09T15:37:03+00:00\" \/>\n<meta property=\"og:image\" content=\"https:\/\/trailrun.ee\/wp-content\/uploads\/2016\/02\/trailrun_logo.png\" \/>\n\t<meta property=\"og:image:width\" content=\"174\" \/>\n\t<meta property=\"og:image:height\" content=\"90\" \/>\n\t<meta property=\"og:image:type\" content=\"image\/png\" \/>\n<meta name=\"twitter:card\" content=\"summary_large_image\" \/>\n<meta name=\"twitter:label1\" content=\"Est. reading time\" \/>\n\t<meta name=\"twitter:data1\" content=\"2 minutes\" \/>\n<script type=\"application\/ld+json\" class=\"yoast-schema-graph\">{\"@context\":\"https:\\\/\\\/schema.org\",\"@graph\":[{\"@type\":\"WebPage\",\"@id\":\"https:\\\/\\\/trailrun.ee\\\/en\\\/haanja-ultra100-hall-of-fame\\\/\",\"url\":\"https:\\\/\\\/trailrun.ee\\\/en\\\/haanja-ultra100-hall-of-fame\\\/\",\"name\":\"Haanja Ultra100 \\\"Hall of Fame\\\" - trailrun.ee\",\"isPartOf\":{\"@id\":\"https:\\\/\\\/trailrun.ee\\\/en\\\/#website\"},\"datePublished\":\"2021-11-07T08:50:37+00:00\",\"dateModified\":\"2024-06-09T15:37:03+00:00\",\"breadcrumb\":{\"@id\":\"https:\\\/\\\/trailrun.ee\\\/en\\\/haanja-ultra100-hall-of-fame\\\/#breadcrumb\"},\"inLanguage\":\"en-US\",\"potentialAction\":[{\"@type\":\"ReadAction\",\"target\":[\"https:\\\/\\\/trailrun.ee\\\/en\\\/haanja-ultra100-hall-of-fame\\\/\"]}]},{\"@type\":\"BreadcrumbList\",\"@id\":\"https:\\\/\\\/trailrun.ee\\\/en\\\/haanja-ultra100-hall-of-fame\\\/#breadcrumb\",\"itemListElement\":[{\"@type\":\"ListItem\",\"position\":1,\"name\":\"Home\",\"item\":\"https:\\\/\\\/trailrun.ee\\\/en\\\/\"},{\"@type\":\"ListItem\",\"position\":2,\"name\":\"Haanja Ultra100 &#8220;Hall of Fame&#8221;\"}]},{\"@type\":\"WebSite\",\"@id\":\"https:\\\/\\\/trailrun.ee\\\/en\\\/#website\",\"url\":\"https:\\\/\\\/trailrun.ee\\\/en\\\/\",\"name\":\"trailrun.ee\",\"description\":\"R\u00f5uge Trail Run, P\u00e4\u00e4sk\u00fcla raba maraton, Haanja 100Ultra\",\"publisher\":{\"@id\":\"https:\\\/\\\/trailrun.ee\\\/en\\\/#organization\"},\"potentialAction\":[{\"@type\":\"SearchAction\",\"target\":{\"@type\":\"EntryPoint\",\"urlTemplate\":\"https:\\\/\\\/trailrun.ee\\\/en\\\/?s={search_term_string}\"},\"query-input\":{\"@type\":\"PropertyValueSpecification\",\"valueRequired\":true,\"valueName\":\"search_term_string\"}}],\"inLanguage\":\"en-US\"},{\"@type\":\"Organization\",\"@id\":\"https:\\\/\\\/trailrun.ee\\\/en\\\/#organization\",\"name\":\"trailrun.ee\",\"url\":\"https:\\\/\\\/trailrun.ee\\\/en\\\/\",\"logo\":{\"@type\":\"ImageObject\",\"inLanguage\":\"en-US\",\"@id\":\"https:\\\/\\\/trailrun.ee\\\/en\\\/#\\\/schema\\\/logo\\\/image\\\/\",\"url\":\"https:\\\/\\\/trailrun.ee\\\/wp-content\\\/uploads\\\/2016\\\/02\\\/trailrun_logo.png\",\"contentUrl\":\"https:\\\/\\\/trailrun.ee\\\/wp-content\\\/uploads\\\/2016\\\/02\\\/trailrun_logo.png\",\"width\":174,\"height\":90,\"caption\":\"trailrun.ee\"},\"image\":{\"@id\":\"https:\\\/\\\/trailrun.ee\\\/en\\\/#\\\/schema\\\/logo\\\/image\\\/\"},\"sameAs\":[\"https:\\\/\\\/www.facebook.com\\\/haanjaultra100\"]}]}<\/script>\n<!-- \/ Yoast SEO plugin. -->","yoast_head_json":{"title":"Haanja Ultra100 \"Hall of Fame\" - trailrun.ee","robots":{"index":"index","follow":"follow","max-snippet":"max-snippet:-1","max-image-preview":"max-image-preview:large","max-video-preview":"max-video-preview:-1"},"canonical":"https:\/\/trailrun.ee\/en\/haanja-ultra100-hall-of-fame\/","og_locale":"en_US","og_type":"article","og_title":"Haanja Ultra100 \"Hall of Fame\" - trailrun.ee","og_description":"Fourteen Haanja Ultra 100 events have brought 625 different runners-hikers to the starting line, who have covered a total of 95769 kilometers, or more than 2 times around the globe! Only 1 of them have participated at all times &#8211; T\u00f5nu &#8220;will do it all&#8221; Hendrikson, whereas T\u00f5nu has also done full 100km every time. [&hellip;]","og_url":"https:\/\/trailrun.ee\/en\/haanja-ultra100-hall-of-fame\/","og_site_name":"trailrun.ee","article_publisher":"https:\/\/www.facebook.com\/haanjaultra100","article_modified_time":"2024-06-09T15:37:03+00:00","og_image":[{"width":174,"height":90,"url":"https:\/\/trailrun.ee\/wp-content\/uploads\/2016\/02\/trailrun_logo.png","type":"image\/png"}],"twitter_card":"summary_large_image","twitter_misc":{"Est. reading time":"2 minutes"},"schema":{"@context":"https:\/\/schema.org","@graph":[{"@type":"WebPage","@id":"https:\/\/trailrun.ee\/en\/haanja-ultra100-hall-of-fame\/","url":"https:\/\/trailrun.ee\/en\/haanja-ultra100-hall-of-fame\/","name":"Haanja Ultra100 \"Hall of Fame\" - trailrun.ee","isPartOf":{"@id":"https:\/\/trailrun.ee\/en\/#website"},"datePublished":"2021-11-07T08:50:37+00:00","dateModified":"2024-06-09T15:37:03+00:00","breadcrumb":{"@id":"https:\/\/trailrun.ee\/en\/haanja-ultra100-hall-of-fame\/#breadcrumb"},"inLanguage":"en-US","potentialAction":[{"@type":"ReadAction","target":["https:\/\/trailrun.ee\/en\/haanja-ultra100-hall-of-fame\/"]}]},{"@type":"BreadcrumbList","@id":"https:\/\/trailrun.ee\/en\/haanja-ultra100-hall-of-fame\/#breadcrumb","itemListElement":[{"@type":"ListItem","position":1,"name":"Home","item":"https:\/\/trailrun.ee\/en\/"},{"@type":"ListItem","position":2,"name":"Haanja Ultra100 &#8220;Hall of Fame&#8221;"}]},{"@type":"WebSite","@id":"https:\/\/trailrun.ee\/en\/#website","url":"https:\/\/trailrun.ee\/en\/","name":"trailrun.ee","description":"R\u00f5uge Trail Run, P\u00e4\u00e4sk\u00fcla raba maraton, Haanja 100Ultra","publisher":{"@id":"https:\/\/trailrun.ee\/en\/#organization"},"potentialAction":[{"@type":"SearchAction","target":{"@type":"EntryPoint","urlTemplate":"https:\/\/trailrun.ee\/en\/?s={search_term_string}"},"query-input":{"@type":"PropertyValueSpecification","valueRequired":true,"valueName":"search_term_string"}}],"inLanguage":"en-US"},{"@type":"Organization","@id":"https:\/\/trailrun.ee\/en\/#organization","name":"trailrun.ee","url":"https:\/\/trailrun.ee\/en\/","logo":{"@type":"ImageObject","inLanguage":"en-US","@id":"https:\/\/trailrun.ee\/en\/#\/schema\/logo\/image\/","url":"https:\/\/trailrun.ee\/wp-content\/uploads\/2016\/02\/trailrun_logo.png","contentUrl":"https:\/\/trailrun.ee\/wp-content\/uploads\/2016\/02\/trailrun_logo.png","width":174,"height":90,"caption":"trailrun.ee"},"image":{"@id":"https:\/\/trailrun.ee\/en\/#\/schema\/logo\/image\/"},"sameAs":["https:\/\/www.facebook.com\/haanjaultra100"]}]}},"_links":{"self":[{"href":"https:\/\/trailrun.ee\/en\/wp-json\/wp\/v2\/pages\/4091","targetHints":{"allow":["GET"]}}],"collection":[{"href":"https:\/\/trailrun.ee\/en\/wp-json\/wp\/v2\/pages"}],"about":[{"href":"https:\/\/trailrun.ee\/en\/wp-json\/wp\/v2\/types\/page"}],"author":[{"embeddable":true,"href":"https:\/\/trailrun.ee\/en\/wp-json\/wp\/v2\/users\/2"}],"replies":[{"embeddable":true,"href":"https:\/\/trailrun.ee\/en\/wp-json\/wp\/v2\/comments?post=4091"}],"version-history":[{"count":9,"href":"https:\/\/trailrun.ee\/en\/wp-json\/wp\/v2\/pages\/4091\/revisions"}],"predecessor-version":[{"id":5678,"href":"https:\/\/trailrun.ee\/en\/wp-json\/wp\/v2\/pages\/4091\/revisions\/5678"}],"wp:attachment":[{"href":"https:\/\/trailrun.ee\/en\/wp-json\/wp\/v2\/media?parent=4091"}],"curies":[{"name":"wp","href":"https:\/\/api.w.org\/{rel}","templated":true}]}}