{"id":4110,"date":"2021-11-07T21:37:14","date_gmt":"2021-11-07T19:37:14","guid":{"rendered":"https:\/\/trailrun.ee\/?page_id=4110"},"modified":"2021-11-07T21:39:12","modified_gmt":"2021-11-07T19:39:12","slug":"paaskula-marathons-hall-of-fame","status":"publish","type":"page","link":"https:\/\/trailrun.ee\/en\/paaskula-marathons-hall-of-fame\/","title":{"rendered":"P\u00e4\u00e4sk\u00fcla marathons HALL of FAME"},"content":{"rendered":"<p>19 P\u00e4\u00e4sk\u00fcla marathons have brought all together 498 <span class=\"VIiyi\" lang=\"en\"><span class=\"JLqJ4b ChMk0b\" data-language-for-alternatives=\"en\" data-language-to-translate-into=\"et\" data-phrase-index=\"0\" data-number-of-phrases=\"1\">unique<\/span><\/span> participants, who have covered together 39815 kilometers! W<span class=\"VIiyi\" lang=\"en\"><span class=\"JLqJ4b ChMk0b C1N51c\" data-language-for-alternatives=\"en\" data-language-to-translate-into=\"et\" data-phrase-index=\"0\" data-number-of-phrases=\"1\">hether the next marathon will circle the globe? We&#8217;ll see!<\/span><\/span><\/p>\n<p>There is only one man, who has done it all &#8211; 19 marathons and 801.8km! We Salute YOU, ERKI VEEROOS!<\/p>\n<p>You have to run 500km in P\u00e4\u00e4sk\u00fcla marathon trails, to get the membership of the &#8220;Hall of Fame&#8221;!<br \/>\n8 have done this!<\/p>\n<table width=\"614\">\n<tbody>\n<tr>\n<td width=\"57\">N0<\/td>\n<td width=\"229\">Name<\/td>\n<td style=\"text-align: center;\" width=\"208\">Kilometers<\/td>\n<td style=\"text-align: center;\" width=\"120\">Participations<\/td>\n<\/tr>\n<tr>\n<td>1<\/td>\n<td>Erki Veeroos<\/td>\n<td style=\"text-align: center;\">801.8<\/td>\n<td style=\"text-align: center;\">19<\/td>\n<\/tr>\n<tr>\n<td>2<\/td>\n<td>Leili Teev\u00e4li<\/td>\n<td style=\"text-align: center;\">611.9<\/td>\n<td style=\"text-align: center;\">16<\/td>\n<\/tr>\n<tr>\n<td>3<\/td>\n<td>Mart Maasikrand<\/td>\n<td style=\"text-align: center;\">611.9<\/td>\n<td style=\"text-align: center;\">15<\/td>\n<\/tr>\n<tr>\n<td>4<\/td>\n<td>Ergo Meier<\/td>\n<td style=\"text-align: center;\">590.8<\/td>\n<td style=\"text-align: center;\">14<\/td>\n<\/tr>\n<tr>\n<td>5<\/td>\n<td>Rein P\u00e4rn<\/td>\n<td style=\"text-align: center;\">527.5<\/td>\n<td style=\"text-align: center;\">13<\/td>\n<\/tr>\n<tr>\n<td>6<\/td>\n<td>Jevgeni Hafizov<\/td>\n<td style=\"text-align: center;\">506.4<\/td>\n<td style=\"text-align: center;\">12<\/td>\n<\/tr>\n<tr>\n<td>7<\/td>\n<td>T\u00f5nu Hendrikson<\/td>\n<td style=\"text-align: center;\">506.4<\/td>\n<td style=\"text-align: center;\">12<\/td>\n<\/tr>\n<tr>\n<td>8<\/td>\n<td>Meelis Koskaru<\/td>\n<td style=\"text-align: center;\">506.4<\/td>\n<td style=\"text-align: center;\">12<\/td>\n<\/tr>\n<\/tbody>\n<\/table>\n<p>&nbsp;<\/p>\n<p>Full participation and kilometers statistics are available under the next link:<\/p>\n<p><a class=\"btn\" href=\"https:\/\/trailrun.ee\/wp-content\/uploads\/2021\/11\/halloffame_2021.xlsx\" target=\"_blank\" rel=\"noopener noreferrer\">P\u00c4\u00c4SK\u00dcLA MARATHONS STATS 2013-2021<\/a><\/p>\n","protected":false},"excerpt":{"rendered":"<p>19 P\u00e4\u00e4sk\u00fcla marathons have brought all together 498 unique participants, who have covered together 39815 kilometers! Whether the next marathon will circle the globe? We&#8217;ll see! There is only one man, who has done it all &#8211; 19 marathons and 801.8km! We Salute YOU, ERKI VEEROOS! You have to run 500km in P\u00e4\u00e4sk\u00fcla marathon trails, [&hellip;]<\/p>\n","protected":false},"author":2,"featured_media":0,"parent":0,"menu_order":0,"comment_status":"closed","ping_status":"closed","template":"","meta":{"_acf_changed":false,"footnotes":""},"class_list":["post-4110","page","type-page","status-publish","hentry"],"acf":[],"yoast_head":"<!-- This site is optimized with the Yoast SEO plugin v27.4 - https:\/\/yoast.com\/product\/yoast-seo-wordpress\/ -->\n<title>P\u00e4\u00e4sk\u00fcla marathons HALL of FAME - trailrun.ee<\/title>\n<meta name=\"robots\" content=\"index, follow, max-snippet:-1, max-image-preview:large, max-video-preview:-1\" \/>\n<link rel=\"canonical\" href=\"https:\/\/trailrun.ee\/en\/paaskula-marathons-hall-of-fame\/\" \/>\n<meta property=\"og:locale\" content=\"en_US\" \/>\n<meta property=\"og:type\" content=\"article\" \/>\n<meta property=\"og:title\" content=\"P\u00e4\u00e4sk\u00fcla marathons HALL of FAME - trailrun.ee\" \/>\n<meta property=\"og:description\" content=\"19 P\u00e4\u00e4sk\u00fcla marathons have brought all together 498 unique participants, who have covered together 39815 kilometers! Whether the next marathon will circle the globe? We&#8217;ll see! There is only one man, who has done it all &#8211; 19 marathons and 801.8km! We Salute YOU, ERKI VEEROOS! You have to run 500km in P\u00e4\u00e4sk\u00fcla marathon trails, [&hellip;]\" \/>\n<meta property=\"og:url\" content=\"https:\/\/trailrun.ee\/en\/paaskula-marathons-hall-of-fame\/\" \/>\n<meta property=\"og:site_name\" content=\"trailrun.ee\" \/>\n<meta property=\"article:publisher\" content=\"https:\/\/www.facebook.com\/haanjaultra100\" \/>\n<meta property=\"article:modified_time\" content=\"2021-11-07T19:39:12+00:00\" \/>\n<meta property=\"og:image\" content=\"https:\/\/trailrun.ee\/wp-content\/uploads\/2016\/02\/trailrun_logo.png\" \/>\n\t<meta property=\"og:image:width\" content=\"174\" \/>\n\t<meta property=\"og:image:height\" content=\"90\" \/>\n\t<meta property=\"og:image:type\" content=\"image\/png\" \/>\n<meta name=\"twitter:card\" content=\"summary_large_image\" \/>\n<meta name=\"twitter:label1\" content=\"Est. reading time\" \/>\n\t<meta name=\"twitter:data1\" content=\"1 minute\" \/>\n<script type=\"application\/ld+json\" class=\"yoast-schema-graph\">{\"@context\":\"https:\\\/\\\/schema.org\",\"@graph\":[{\"@type\":\"WebPage\",\"@id\":\"https:\\\/\\\/trailrun.ee\\\/en\\\/paaskula-marathons-hall-of-fame\\\/\",\"url\":\"https:\\\/\\\/trailrun.ee\\\/en\\\/paaskula-marathons-hall-of-fame\\\/\",\"name\":\"P\u00e4\u00e4sk\u00fcla marathons HALL of FAME - trailrun.ee\",\"isPartOf\":{\"@id\":\"https:\\\/\\\/trailrun.ee\\\/en\\\/#website\"},\"datePublished\":\"2021-11-07T19:37:14+00:00\",\"dateModified\":\"2021-11-07T19:39:12+00:00\",\"breadcrumb\":{\"@id\":\"https:\\\/\\\/trailrun.ee\\\/en\\\/paaskula-marathons-hall-of-fame\\\/#breadcrumb\"},\"inLanguage\":\"en-US\",\"potentialAction\":[{\"@type\":\"ReadAction\",\"target\":[\"https:\\\/\\\/trailrun.ee\\\/en\\\/paaskula-marathons-hall-of-fame\\\/\"]}]},{\"@type\":\"BreadcrumbList\",\"@id\":\"https:\\\/\\\/trailrun.ee\\\/en\\\/paaskula-marathons-hall-of-fame\\\/#breadcrumb\",\"itemListElement\":[{\"@type\":\"ListItem\",\"position\":1,\"name\":\"Home\",\"item\":\"https:\\\/\\\/trailrun.ee\\\/en\\\/\"},{\"@type\":\"ListItem\",\"position\":2,\"name\":\"P\u00e4\u00e4sk\u00fcla marathons HALL of FAME\"}]},{\"@type\":\"WebSite\",\"@id\":\"https:\\\/\\\/trailrun.ee\\\/en\\\/#website\",\"url\":\"https:\\\/\\\/trailrun.ee\\\/en\\\/\",\"name\":\"trailrun.ee\",\"description\":\"R\u00f5uge Trail Run, P\u00e4\u00e4sk\u00fcla raba maraton, Haanja 100Ultra\",\"publisher\":{\"@id\":\"https:\\\/\\\/trailrun.ee\\\/en\\\/#organization\"},\"potentialAction\":[{\"@type\":\"SearchAction\",\"target\":{\"@type\":\"EntryPoint\",\"urlTemplate\":\"https:\\\/\\\/trailrun.ee\\\/en\\\/?s={search_term_string}\"},\"query-input\":{\"@type\":\"PropertyValueSpecification\",\"valueRequired\":true,\"valueName\":\"search_term_string\"}}],\"inLanguage\":\"en-US\"},{\"@type\":\"Organization\",\"@id\":\"https:\\\/\\\/trailrun.ee\\\/en\\\/#organization\",\"name\":\"trailrun.ee\",\"url\":\"https:\\\/\\\/trailrun.ee\\\/en\\\/\",\"logo\":{\"@type\":\"ImageObject\",\"inLanguage\":\"en-US\",\"@id\":\"https:\\\/\\\/trailrun.ee\\\/en\\\/#\\\/schema\\\/logo\\\/image\\\/\",\"url\":\"https:\\\/\\\/trailrun.ee\\\/wp-content\\\/uploads\\\/2016\\\/02\\\/trailrun_logo.png\",\"contentUrl\":\"https:\\\/\\\/trailrun.ee\\\/wp-content\\\/uploads\\\/2016\\\/02\\\/trailrun_logo.png\",\"width\":174,\"height\":90,\"caption\":\"trailrun.ee\"},\"image\":{\"@id\":\"https:\\\/\\\/trailrun.ee\\\/en\\\/#\\\/schema\\\/logo\\\/image\\\/\"},\"sameAs\":[\"https:\\\/\\\/www.facebook.com\\\/haanjaultra100\"]}]}<\/script>\n<!-- \/ Yoast SEO plugin. -->","yoast_head_json":{"title":"P\u00e4\u00e4sk\u00fcla marathons HALL of FAME - trailrun.ee","robots":{"index":"index","follow":"follow","max-snippet":"max-snippet:-1","max-image-preview":"max-image-preview:large","max-video-preview":"max-video-preview:-1"},"canonical":"https:\/\/trailrun.ee\/en\/paaskula-marathons-hall-of-fame\/","og_locale":"en_US","og_type":"article","og_title":"P\u00e4\u00e4sk\u00fcla marathons HALL of FAME - trailrun.ee","og_description":"19 P\u00e4\u00e4sk\u00fcla marathons have brought all together 498 unique participants, who have covered together 39815 kilometers! Whether the next marathon will circle the globe? We&#8217;ll see! There is only one man, who has done it all &#8211; 19 marathons and 801.8km! We Salute YOU, ERKI VEEROOS! You have to run 500km in P\u00e4\u00e4sk\u00fcla marathon trails, [&hellip;]","og_url":"https:\/\/trailrun.ee\/en\/paaskula-marathons-hall-of-fame\/","og_site_name":"trailrun.ee","article_publisher":"https:\/\/www.facebook.com\/haanjaultra100","article_modified_time":"2021-11-07T19:39:12+00:00","og_image":[{"width":174,"height":90,"url":"https:\/\/trailrun.ee\/wp-content\/uploads\/2016\/02\/trailrun_logo.png","type":"image\/png"}],"twitter_card":"summary_large_image","twitter_misc":{"Est. reading time":"1 minute"},"schema":{"@context":"https:\/\/schema.org","@graph":[{"@type":"WebPage","@id":"https:\/\/trailrun.ee\/en\/paaskula-marathons-hall-of-fame\/","url":"https:\/\/trailrun.ee\/en\/paaskula-marathons-hall-of-fame\/","name":"P\u00e4\u00e4sk\u00fcla marathons HALL of FAME - trailrun.ee","isPartOf":{"@id":"https:\/\/trailrun.ee\/en\/#website"},"datePublished":"2021-11-07T19:37:14+00:00","dateModified":"2021-11-07T19:39:12+00:00","breadcrumb":{"@id":"https:\/\/trailrun.ee\/en\/paaskula-marathons-hall-of-fame\/#breadcrumb"},"inLanguage":"en-US","potentialAction":[{"@type":"ReadAction","target":["https:\/\/trailrun.ee\/en\/paaskula-marathons-hall-of-fame\/"]}]},{"@type":"BreadcrumbList","@id":"https:\/\/trailrun.ee\/en\/paaskula-marathons-hall-of-fame\/#breadcrumb","itemListElement":[{"@type":"ListItem","position":1,"name":"Home","item":"https:\/\/trailrun.ee\/en\/"},{"@type":"ListItem","position":2,"name":"P\u00e4\u00e4sk\u00fcla marathons HALL of FAME"}]},{"@type":"WebSite","@id":"https:\/\/trailrun.ee\/en\/#website","url":"https:\/\/trailrun.ee\/en\/","name":"trailrun.ee","description":"R\u00f5uge Trail Run, P\u00e4\u00e4sk\u00fcla raba maraton, Haanja 100Ultra","publisher":{"@id":"https:\/\/trailrun.ee\/en\/#organization"},"potentialAction":[{"@type":"SearchAction","target":{"@type":"EntryPoint","urlTemplate":"https:\/\/trailrun.ee\/en\/?s={search_term_string}"},"query-input":{"@type":"PropertyValueSpecification","valueRequired":true,"valueName":"search_term_string"}}],"inLanguage":"en-US"},{"@type":"Organization","@id":"https:\/\/trailrun.ee\/en\/#organization","name":"trailrun.ee","url":"https:\/\/trailrun.ee\/en\/","logo":{"@type":"ImageObject","inLanguage":"en-US","@id":"https:\/\/trailrun.ee\/en\/#\/schema\/logo\/image\/","url":"https:\/\/trailrun.ee\/wp-content\/uploads\/2016\/02\/trailrun_logo.png","contentUrl":"https:\/\/trailrun.ee\/wp-content\/uploads\/2016\/02\/trailrun_logo.png","width":174,"height":90,"caption":"trailrun.ee"},"image":{"@id":"https:\/\/trailrun.ee\/en\/#\/schema\/logo\/image\/"},"sameAs":["https:\/\/www.facebook.com\/haanjaultra100"]}]}},"_links":{"self":[{"href":"https:\/\/trailrun.ee\/en\/wp-json\/wp\/v2\/pages\/4110","targetHints":{"allow":["GET"]}}],"collection":[{"href":"https:\/\/trailrun.ee\/en\/wp-json\/wp\/v2\/pages"}],"about":[{"href":"https:\/\/trailrun.ee\/en\/wp-json\/wp\/v2\/types\/page"}],"author":[{"embeddable":true,"href":"https:\/\/trailrun.ee\/en\/wp-json\/wp\/v2\/users\/2"}],"replies":[{"embeddable":true,"href":"https:\/\/trailrun.ee\/en\/wp-json\/wp\/v2\/comments?post=4110"}],"version-history":[{"count":4,"href":"https:\/\/trailrun.ee\/en\/wp-json\/wp\/v2\/pages\/4110\/revisions"}],"predecessor-version":[{"id":4124,"href":"https:\/\/trailrun.ee\/en\/wp-json\/wp\/v2\/pages\/4110\/revisions\/4124"}],"wp:attachment":[{"href":"https:\/\/trailrun.ee\/en\/wp-json\/wp\/v2\/media?parent=4110"}],"curies":[{"name":"wp","href":"https:\/\/api.w.org\/{rel}","templated":true}]}}