{"id":72,"date":"2016-02-28T23:02:33","date_gmt":"2016-02-28T21:02:33","guid":{"rendered":"http:\/\/trailrun.ee\/en\/?page_id=72"},"modified":"2016-02-29T11:27:05","modified_gmt":"2016-02-29T09:27:05","slug":"results","status":"publish","type":"page","link":"https:\/\/trailrun.ee\/en\/results\/","title":{"rendered":"Results"},"content":{"rendered":"<div class=\"row\">\n<div class=\"col-sm-4\"><a href=\"\/en\/results\/haanja-ultra100\/\"><img loading=\"lazy\" decoding=\"async\" class=\"alignnone size-medium wp-image-97 w-100\" src=\"http:\/\/trailrun.ee\/wp-content\/uploads\/2016\/02\/haanja-ultra100-300x213.jpg\" alt=\"Haanja Ultra100 logo\" width=\"300\" height=\"213\" srcset=\"https:\/\/trailrun.ee\/wp-content\/uploads\/2016\/02\/haanja-ultra100-300x213.jpg 300w, https:\/\/trailrun.ee\/wp-content\/uploads\/2016\/02\/haanja-ultra100.jpg 802w\" sizes=\"auto, (max-width: 300px) 100vw, 300px\" \/><\/a><\/div>\n<div class=\"col-sm-4\"><a href=\"\/paaskula-raba-maraton\/\"><img loading=\"lazy\" decoding=\"async\" class=\"alignnone size-medium wp-image-183 w-100\" src=\"http:\/\/trailrun.ee\/wp-content\/uploads\/2016\/02\/passa1-300x139.jpg\" alt=\"P\u00e4\u00e4sk\u00fcla raba maraton logo\" width=\"300\" height=\"139\" srcset=\"https:\/\/trailrun.ee\/wp-content\/uploads\/2016\/02\/passa1-300x139.jpg 300w, https:\/\/trailrun.ee\/wp-content\/uploads\/2016\/02\/passa1-1024x476.jpg 1024w\" sizes=\"auto, (max-width: 300px) 100vw, 300px\" \/><\/a><\/div>\n<div class=\"col-sm-4\"><a href=\"\/en\/results\/rouge-trail-run-rouge-maraton\/\"><img loading=\"lazy\" decoding=\"async\" class=\"alignnone size-medium wp-image-99 w-100\" src=\"http:\/\/trailrun.ee\/wp-content\/uploads\/2016\/02\/rouge-maraton-300x277.jpg\" alt=\"R\u00f5uge maraton logo\" width=\"300\" height=\"277\" srcset=\"https:\/\/trailrun.ee\/wp-content\/uploads\/2016\/02\/rouge-maraton-300x277.jpg 300w, https:\/\/trailrun.ee\/wp-content\/uploads\/2016\/02\/rouge-maraton.jpg 617w\" sizes=\"auto, (max-width: 300px) 100vw, 300px\" \/><\/a><\/div>\n<\/div>\n","protected":false},"excerpt":{"rendered":"","protected":false},"author":1,"featured_media":0,"parent":0,"menu_order":0,"comment_status":"closed","ping_status":"closed","template":"","meta":{"_acf_changed":false,"footnotes":""},"class_list":["post-72","page","type-page","status-publish","hentry"],"acf":[],"yoast_head":"<!-- This site is optimized with the Yoast SEO plugin v27.3 - https:\/\/yoast.com\/product\/yoast-seo-wordpress\/ -->\n<title>Results - trailrun.ee<\/title>\n<meta name=\"robots\" content=\"index, follow, max-snippet:-1, max-image-preview:large, max-video-preview:-1\" \/>\n<link rel=\"canonical\" href=\"https:\/\/trailrun.ee\/en\/results\/\" \/>\n<meta property=\"og:locale\" content=\"en_US\" \/>\n<meta property=\"og:type\" content=\"article\" \/>\n<meta property=\"og:title\" content=\"Results - trailrun.ee\" \/>\n<meta property=\"og:url\" content=\"https:\/\/trailrun.ee\/en\/results\/\" \/>\n<meta property=\"og:site_name\" content=\"trailrun.ee\" \/>\n<meta property=\"article:publisher\" content=\"https:\/\/www.facebook.com\/haanjaultra100\" \/>\n<meta property=\"article:modified_time\" content=\"2016-02-29T09:27:05+00:00\" \/>\n<meta property=\"og:image\" content=\"http:\/\/trailrun.ee\/wp-content\/uploads\/2016\/02\/haanja-ultra100-300x213.jpg\" \/>\n<meta name=\"twitter:card\" content=\"summary_large_image\" \/>\n<script type=\"application\/ld+json\" class=\"yoast-schema-graph\">{\"@context\":\"https:\\\/\\\/schema.org\",\"@graph\":[{\"@type\":\"WebPage\",\"@id\":\"https:\\\/\\\/trailrun.ee\\\/en\\\/results\\\/\",\"url\":\"https:\\\/\\\/trailrun.ee\\\/en\\\/results\\\/\",\"name\":\"Results - trailrun.ee\",\"isPartOf\":{\"@id\":\"https:\\\/\\\/trailrun.ee\\\/en\\\/#website\"},\"primaryImageOfPage\":{\"@id\":\"https:\\\/\\\/trailrun.ee\\\/en\\\/results\\\/#primaryimage\"},\"image\":{\"@id\":\"https:\\\/\\\/trailrun.ee\\\/en\\\/results\\\/#primaryimage\"},\"thumbnailUrl\":\"http:\\\/\\\/trailrun.ee\\\/wp-content\\\/uploads\\\/2016\\\/02\\\/haanja-ultra100-300x213.jpg\",\"datePublished\":\"2016-02-28T21:02:33+00:00\",\"dateModified\":\"2016-02-29T09:27:05+00:00\",\"breadcrumb\":{\"@id\":\"https:\\\/\\\/trailrun.ee\\\/en\\\/results\\\/#breadcrumb\"},\"inLanguage\":\"en-US\",\"potentialAction\":[{\"@type\":\"ReadAction\",\"target\":[\"https:\\\/\\\/trailrun.ee\\\/en\\\/results\\\/\"]}]},{\"@type\":\"ImageObject\",\"inLanguage\":\"en-US\",\"@id\":\"https:\\\/\\\/trailrun.ee\\\/en\\\/results\\\/#primaryimage\",\"url\":\"http:\\\/\\\/trailrun.ee\\\/wp-content\\\/uploads\\\/2016\\\/02\\\/haanja-ultra100-300x213.jpg\",\"contentUrl\":\"http:\\\/\\\/trailrun.ee\\\/wp-content\\\/uploads\\\/2016\\\/02\\\/haanja-ultra100-300x213.jpg\"},{\"@type\":\"BreadcrumbList\",\"@id\":\"https:\\\/\\\/trailrun.ee\\\/en\\\/results\\\/#breadcrumb\",\"itemListElement\":[{\"@type\":\"ListItem\",\"position\":1,\"name\":\"Home\",\"item\":\"https:\\\/\\\/trailrun.ee\\\/en\\\/\"},{\"@type\":\"ListItem\",\"position\":2,\"name\":\"Results\"}]},{\"@type\":\"WebSite\",\"@id\":\"https:\\\/\\\/trailrun.ee\\\/en\\\/#website\",\"url\":\"https:\\\/\\\/trailrun.ee\\\/en\\\/\",\"name\":\"trailrun.ee\",\"description\":\"R\u00f5uge Trail Run, P\u00e4\u00e4sk\u00fcla raba maraton, Haanja 100Ultra\",\"publisher\":{\"@id\":\"https:\\\/\\\/trailrun.ee\\\/en\\\/#organization\"},\"potentialAction\":[{\"@type\":\"SearchAction\",\"target\":{\"@type\":\"EntryPoint\",\"urlTemplate\":\"https:\\\/\\\/trailrun.ee\\\/en\\\/?s={search_term_string}\"},\"query-input\":{\"@type\":\"PropertyValueSpecification\",\"valueRequired\":true,\"valueName\":\"search_term_string\"}}],\"inLanguage\":\"en-US\"},{\"@type\":\"Organization\",\"@id\":\"https:\\\/\\\/trailrun.ee\\\/en\\\/#organization\",\"name\":\"trailrun.ee\",\"url\":\"https:\\\/\\\/trailrun.ee\\\/en\\\/\",\"logo\":{\"@type\":\"ImageObject\",\"inLanguage\":\"en-US\",\"@id\":\"https:\\\/\\\/trailrun.ee\\\/en\\\/#\\\/schema\\\/logo\\\/image\\\/\",\"url\":\"https:\\\/\\\/trailrun.ee\\\/wp-content\\\/uploads\\\/2016\\\/02\\\/trailrun_logo.png\",\"contentUrl\":\"https:\\\/\\\/trailrun.ee\\\/wp-content\\\/uploads\\\/2016\\\/02\\\/trailrun_logo.png\",\"width\":174,\"height\":90,\"caption\":\"trailrun.ee\"},\"image\":{\"@id\":\"https:\\\/\\\/trailrun.ee\\\/en\\\/#\\\/schema\\\/logo\\\/image\\\/\"},\"sameAs\":[\"https:\\\/\\\/www.facebook.com\\\/haanjaultra100\"]}]}<\/script>\n<!-- \/ Yoast SEO plugin. -->","yoast_head_json":{"title":"Results - trailrun.ee","robots":{"index":"index","follow":"follow","max-snippet":"max-snippet:-1","max-image-preview":"max-image-preview:large","max-video-preview":"max-video-preview:-1"},"canonical":"https:\/\/trailrun.ee\/en\/results\/","og_locale":"en_US","og_type":"article","og_title":"Results - trailrun.ee","og_url":"https:\/\/trailrun.ee\/en\/results\/","og_site_name":"trailrun.ee","article_publisher":"https:\/\/www.facebook.com\/haanjaultra100","article_modified_time":"2016-02-29T09:27:05+00:00","og_image":[{"url":"http:\/\/trailrun.ee\/wp-content\/uploads\/2016\/02\/haanja-ultra100-300x213.jpg","type":"","width":"","height":""}],"twitter_card":"summary_large_image","schema":{"@context":"https:\/\/schema.org","@graph":[{"@type":"WebPage","@id":"https:\/\/trailrun.ee\/en\/results\/","url":"https:\/\/trailrun.ee\/en\/results\/","name":"Results - trailrun.ee","isPartOf":{"@id":"https:\/\/trailrun.ee\/en\/#website"},"primaryImageOfPage":{"@id":"https:\/\/trailrun.ee\/en\/results\/#primaryimage"},"image":{"@id":"https:\/\/trailrun.ee\/en\/results\/#primaryimage"},"thumbnailUrl":"http:\/\/trailrun.ee\/wp-content\/uploads\/2016\/02\/haanja-ultra100-300x213.jpg","datePublished":"2016-02-28T21:02:33+00:00","dateModified":"2016-02-29T09:27:05+00:00","breadcrumb":{"@id":"https:\/\/trailrun.ee\/en\/results\/#breadcrumb"},"inLanguage":"en-US","potentialAction":[{"@type":"ReadAction","target":["https:\/\/trailrun.ee\/en\/results\/"]}]},{"@type":"ImageObject","inLanguage":"en-US","@id":"https:\/\/trailrun.ee\/en\/results\/#primaryimage","url":"http:\/\/trailrun.ee\/wp-content\/uploads\/2016\/02\/haanja-ultra100-300x213.jpg","contentUrl":"http:\/\/trailrun.ee\/wp-content\/uploads\/2016\/02\/haanja-ultra100-300x213.jpg"},{"@type":"BreadcrumbList","@id":"https:\/\/trailrun.ee\/en\/results\/#breadcrumb","itemListElement":[{"@type":"ListItem","position":1,"name":"Home","item":"https:\/\/trailrun.ee\/en\/"},{"@type":"ListItem","position":2,"name":"Results"}]},{"@type":"WebSite","@id":"https:\/\/trailrun.ee\/en\/#website","url":"https:\/\/trailrun.ee\/en\/","name":"trailrun.ee","description":"R\u00f5uge Trail Run, P\u00e4\u00e4sk\u00fcla raba maraton, Haanja 100Ultra","publisher":{"@id":"https:\/\/trailrun.ee\/en\/#organization"},"potentialAction":[{"@type":"SearchAction","target":{"@type":"EntryPoint","urlTemplate":"https:\/\/trailrun.ee\/en\/?s={search_term_string}"},"query-input":{"@type":"PropertyValueSpecification","valueRequired":true,"valueName":"search_term_string"}}],"inLanguage":"en-US"},{"@type":"Organization","@id":"https:\/\/trailrun.ee\/en\/#organization","name":"trailrun.ee","url":"https:\/\/trailrun.ee\/en\/","logo":{"@type":"ImageObject","inLanguage":"en-US","@id":"https:\/\/trailrun.ee\/en\/#\/schema\/logo\/image\/","url":"https:\/\/trailrun.ee\/wp-content\/uploads\/2016\/02\/trailrun_logo.png","contentUrl":"https:\/\/trailrun.ee\/wp-content\/uploads\/2016\/02\/trailrun_logo.png","width":174,"height":90,"caption":"trailrun.ee"},"image":{"@id":"https:\/\/trailrun.ee\/en\/#\/schema\/logo\/image\/"},"sameAs":["https:\/\/www.facebook.com\/haanjaultra100"]}]}},"_links":{"self":[{"href":"https:\/\/trailrun.ee\/en\/wp-json\/wp\/v2\/pages\/72","targetHints":{"allow":["GET"]}}],"collection":[{"href":"https:\/\/trailrun.ee\/en\/wp-json\/wp\/v2\/pages"}],"about":[{"href":"https:\/\/trailrun.ee\/en\/wp-json\/wp\/v2\/types\/page"}],"author":[{"embeddable":true,"href":"https:\/\/trailrun.ee\/en\/wp-json\/wp\/v2\/users\/1"}],"replies":[{"embeddable":true,"href":"https:\/\/trailrun.ee\/en\/wp-json\/wp\/v2\/comments?post=72"}],"version-history":[{"count":6,"href":"https:\/\/trailrun.ee\/en\/wp-json\/wp\/v2\/pages\/72\/revisions"}],"predecessor-version":[{"id":185,"href":"https:\/\/trailrun.ee\/en\/wp-json\/wp\/v2\/pages\/72\/revisions\/185"}],"wp:attachment":[{"href":"https:\/\/trailrun.ee\/en\/wp-json\/wp\/v2\/media?parent=72"}],"curies":[{"name":"wp","href":"https:\/\/api.w.org\/{rel}","templated":true}]}}