{"id":74,"date":"2016-02-28T23:02:57","date_gmt":"2016-02-28T21:02:57","guid":{"rendered":"http:\/\/trailrun.ee\/en\/?page_id=74"},"modified":"2018-12-28T09:31:13","modified_gmt":"2018-12-28T07:31:13","slug":"contact","status":"publish","type":"page","link":"https:\/\/trailrun.ee\/en\/contact\/","title":{"rendered":"Contact"},"content":{"rendered":"<p>Mr. Ivar Tupp (speaking English, Russian, Finnish)<br \/>\n+372 511 4179<br \/>\ninfo&#64;haa&#110;&#106;&#97;&#109;&#97;&#116;&#107;&#97;&#100;&#46;&#x65;&#x65;<\/p>\n<p><a class=\"btn btn-lg\" href=\"https:\/\/www.facebook.com\/ivar.tupp\" target=\"_blank\" rel=\"noopener\"><i class=\"fa fa-facebook-official\"><\/i> Facebook<\/a><\/p>\n<p>Organization data: Spordiklubi Haanja Rattamaratonid MT\u00dc<br \/>\nRegistration. code: 80232687<br \/>\nVAT code: EE101079150<br \/>\nAddress: Vahtra 9-12 Kose alevik V\u00f5ru vald 65522 V\u00f5rumaa Estonia<\/p>\n","protected":false},"excerpt":{"rendered":"<p>Mr. Ivar Tupp (speaking English, Russian, Finnish) +372 511 4179 &#105;n&#x66;o&#x40;h&#x61;a&#x6e;j&#x61;m&#x61;&#116;&#x6b;&#97;&#x64;&#46;&#x65;&#101; Facebook Organization data: Spordiklubi Haanja Rattamaratonid MT\u00dc Registration. code: 80232687 VAT code: EE101079150 Address: Vahtra 9-12 Kose alevik V\u00f5ru vald 65522 V\u00f5rumaa Estonia<\/p>\n","protected":false},"author":1,"featured_media":0,"parent":0,"menu_order":0,"comment_status":"closed","ping_status":"closed","template":"","meta":{"_acf_changed":false,"footnotes":""},"class_list":["post-74","page","type-page","status-publish","hentry"],"acf":[],"yoast_head":"<!-- This site is optimized with the Yoast SEO plugin v27.3 - https:\/\/yoast.com\/product\/yoast-seo-wordpress\/ -->\n<title>Contact - trailrun.ee<\/title>\n<meta name=\"robots\" content=\"index, follow, max-snippet:-1, max-image-preview:large, max-video-preview:-1\" \/>\n<link rel=\"canonical\" href=\"https:\/\/trailrun.ee\/en\/contact\/\" \/>\n<meta property=\"og:locale\" content=\"en_US\" \/>\n<meta property=\"og:type\" content=\"article\" \/>\n<meta property=\"og:title\" content=\"Contact - trailrun.ee\" \/>\n<meta property=\"og:description\" content=\"Mr. Ivar Tupp (speaking English, Russian, Finnish) +372 511 4179 in&#102;&#111;&#x40;&#x68;&#x61;&#x61;nj&#097;&#109;&#x61;&#x74;&#x6b;&#x61;d&#046;&#101;&#101; Facebook Organization data: Spordiklubi Haanja Rattamaratonid MT\u00dc Registration. code: 80232687 VAT code: EE101079150 Address: Vahtra 9-12 Kose alevik V\u00f5ru vald 65522 V\u00f5rumaa Estonia\" \/>\n<meta property=\"og:url\" content=\"https:\/\/trailrun.ee\/en\/contact\/\" \/>\n<meta property=\"og:site_name\" content=\"trailrun.ee\" \/>\n<meta property=\"article:publisher\" content=\"https:\/\/www.facebook.com\/haanjaultra100\" \/>\n<meta property=\"article:modified_time\" content=\"2018-12-28T07:31:13+00:00\" \/>\n<meta property=\"og:image\" content=\"https:\/\/trailrun.ee\/wp-content\/uploads\/2016\/02\/trailrun_logo.png\" \/>\n\t<meta property=\"og:image:width\" content=\"174\" \/>\n\t<meta property=\"og:image:height\" content=\"90\" \/>\n\t<meta property=\"og:image:type\" content=\"image\/png\" \/>\n<meta name=\"twitter:card\" content=\"summary_large_image\" \/>\n<script type=\"application\/ld+json\" class=\"yoast-schema-graph\">{\"@context\":\"https:\\\/\\\/schema.org\",\"@graph\":[{\"@type\":\"WebPage\",\"@id\":\"https:\\\/\\\/trailrun.ee\\\/en\\\/contact\\\/\",\"url\":\"https:\\\/\\\/trailrun.ee\\\/en\\\/contact\\\/\",\"name\":\"Contact - trailrun.ee\",\"isPartOf\":{\"@id\":\"https:\\\/\\\/trailrun.ee\\\/en\\\/#website\"},\"datePublished\":\"2016-02-28T21:02:57+00:00\",\"dateModified\":\"2018-12-28T07:31:13+00:00\",\"breadcrumb\":{\"@id\":\"https:\\\/\\\/trailrun.ee\\\/en\\\/contact\\\/#breadcrumb\"},\"inLanguage\":\"en-US\",\"potentialAction\":[{\"@type\":\"ReadAction\",\"target\":[\"https:\\\/\\\/trailrun.ee\\\/en\\\/contact\\\/\"]}]},{\"@type\":\"BreadcrumbList\",\"@id\":\"https:\\\/\\\/trailrun.ee\\\/en\\\/contact\\\/#breadcrumb\",\"itemListElement\":[{\"@type\":\"ListItem\",\"position\":1,\"name\":\"Home\",\"item\":\"https:\\\/\\\/trailrun.ee\\\/en\\\/\"},{\"@type\":\"ListItem\",\"position\":2,\"name\":\"Contact\"}]},{\"@type\":\"WebSite\",\"@id\":\"https:\\\/\\\/trailrun.ee\\\/en\\\/#website\",\"url\":\"https:\\\/\\\/trailrun.ee\\\/en\\\/\",\"name\":\"trailrun.ee\",\"description\":\"R\u00f5uge Trail Run, P\u00e4\u00e4sk\u00fcla raba maraton, Haanja 100Ultra\",\"publisher\":{\"@id\":\"https:\\\/\\\/trailrun.ee\\\/en\\\/#organization\"},\"potentialAction\":[{\"@type\":\"SearchAction\",\"target\":{\"@type\":\"EntryPoint\",\"urlTemplate\":\"https:\\\/\\\/trailrun.ee\\\/en\\\/?s={search_term_string}\"},\"query-input\":{\"@type\":\"PropertyValueSpecification\",\"valueRequired\":true,\"valueName\":\"search_term_string\"}}],\"inLanguage\":\"en-US\"},{\"@type\":\"Organization\",\"@id\":\"https:\\\/\\\/trailrun.ee\\\/en\\\/#organization\",\"name\":\"trailrun.ee\",\"url\":\"https:\\\/\\\/trailrun.ee\\\/en\\\/\",\"logo\":{\"@type\":\"ImageObject\",\"inLanguage\":\"en-US\",\"@id\":\"https:\\\/\\\/trailrun.ee\\\/en\\\/#\\\/schema\\\/logo\\\/image\\\/\",\"url\":\"https:\\\/\\\/trailrun.ee\\\/wp-content\\\/uploads\\\/2016\\\/02\\\/trailrun_logo.png\",\"contentUrl\":\"https:\\\/\\\/trailrun.ee\\\/wp-content\\\/uploads\\\/2016\\\/02\\\/trailrun_logo.png\",\"width\":174,\"height\":90,\"caption\":\"trailrun.ee\"},\"image\":{\"@id\":\"https:\\\/\\\/trailrun.ee\\\/en\\\/#\\\/schema\\\/logo\\\/image\\\/\"},\"sameAs\":[\"https:\\\/\\\/www.facebook.com\\\/haanjaultra100\"]}]}<\/script>\n<!-- \/ Yoast SEO plugin. -->","yoast_head_json":{"title":"Contact - trailrun.ee","robots":{"index":"index","follow":"follow","max-snippet":"max-snippet:-1","max-image-preview":"max-image-preview:large","max-video-preview":"max-video-preview:-1"},"canonical":"https:\/\/trailrun.ee\/en\/contact\/","og_locale":"en_US","og_type":"article","og_title":"Contact - trailrun.ee","og_description":"Mr. Ivar Tupp (speaking English, Russian, Finnish) +372 511 4179 i&#110;&#102;&#x6f;&#x40;&#x68;&#x61;a&#110;&#106;&#97;&#x6d;&#x61;&#x74;ka&#100;&#46;&#x65;&#x65; Facebook Organization data: Spordiklubi Haanja Rattamaratonid MT\u00dc Registration. code: 80232687 VAT code: EE101079150 Address: Vahtra 9-12 Kose alevik V\u00f5ru vald 65522 V\u00f5rumaa Estonia","og_url":"https:\/\/trailrun.ee\/en\/contact\/","og_site_name":"trailrun.ee","article_publisher":"https:\/\/www.facebook.com\/haanjaultra100","article_modified_time":"2018-12-28T07:31:13+00:00","og_image":[{"width":174,"height":90,"url":"https:\/\/trailrun.ee\/wp-content\/uploads\/2016\/02\/trailrun_logo.png","type":"image\/png"}],"twitter_card":"summary_large_image","schema":{"@context":"https:\/\/schema.org","@graph":[{"@type":"WebPage","@id":"https:\/\/trailrun.ee\/en\/contact\/","url":"https:\/\/trailrun.ee\/en\/contact\/","name":"Contact - trailrun.ee","isPartOf":{"@id":"https:\/\/trailrun.ee\/en\/#website"},"datePublished":"2016-02-28T21:02:57+00:00","dateModified":"2018-12-28T07:31:13+00:00","breadcrumb":{"@id":"https:\/\/trailrun.ee\/en\/contact\/#breadcrumb"},"inLanguage":"en-US","potentialAction":[{"@type":"ReadAction","target":["https:\/\/trailrun.ee\/en\/contact\/"]}]},{"@type":"BreadcrumbList","@id":"https:\/\/trailrun.ee\/en\/contact\/#breadcrumb","itemListElement":[{"@type":"ListItem","position":1,"name":"Home","item":"https:\/\/trailrun.ee\/en\/"},{"@type":"ListItem","position":2,"name":"Contact"}]},{"@type":"WebSite","@id":"https:\/\/trailrun.ee\/en\/#website","url":"https:\/\/trailrun.ee\/en\/","name":"trailrun.ee","description":"R\u00f5uge Trail Run, P\u00e4\u00e4sk\u00fcla raba maraton, Haanja 100Ultra","publisher":{"@id":"https:\/\/trailrun.ee\/en\/#organization"},"potentialAction":[{"@type":"SearchAction","target":{"@type":"EntryPoint","urlTemplate":"https:\/\/trailrun.ee\/en\/?s={search_term_string}"},"query-input":{"@type":"PropertyValueSpecification","valueRequired":true,"valueName":"search_term_string"}}],"inLanguage":"en-US"},{"@type":"Organization","@id":"https:\/\/trailrun.ee\/en\/#organization","name":"trailrun.ee","url":"https:\/\/trailrun.ee\/en\/","logo":{"@type":"ImageObject","inLanguage":"en-US","@id":"https:\/\/trailrun.ee\/en\/#\/schema\/logo\/image\/","url":"https:\/\/trailrun.ee\/wp-content\/uploads\/2016\/02\/trailrun_logo.png","contentUrl":"https:\/\/trailrun.ee\/wp-content\/uploads\/2016\/02\/trailrun_logo.png","width":174,"height":90,"caption":"trailrun.ee"},"image":{"@id":"https:\/\/trailrun.ee\/en\/#\/schema\/logo\/image\/"},"sameAs":["https:\/\/www.facebook.com\/haanjaultra100"]}]}},"_links":{"self":[{"href":"https:\/\/trailrun.ee\/en\/wp-json\/wp\/v2\/pages\/74","targetHints":{"allow":["GET"]}}],"collection":[{"href":"https:\/\/trailrun.ee\/en\/wp-json\/wp\/v2\/pages"}],"about":[{"href":"https:\/\/trailrun.ee\/en\/wp-json\/wp\/v2\/types\/page"}],"author":[{"embeddable":true,"href":"https:\/\/trailrun.ee\/en\/wp-json\/wp\/v2\/users\/1"}],"replies":[{"embeddable":true,"href":"https:\/\/trailrun.ee\/en\/wp-json\/wp\/v2\/comments?post=74"}],"version-history":[{"count":9,"href":"https:\/\/trailrun.ee\/en\/wp-json\/wp\/v2\/pages\/74\/revisions"}],"predecessor-version":[{"id":1769,"href":"https:\/\/trailrun.ee\/en\/wp-json\/wp\/v2\/pages\/74\/revisions\/1769"}],"wp:attachment":[{"href":"https:\/\/trailrun.ee\/en\/wp-json\/wp\/v2\/media?parent=74"}],"curies":[{"name":"wp","href":"https:\/\/api.w.org\/{rel}","templated":true}]}}