{"id":95,"date":"2016-02-28T23:34:28","date_gmt":"2016-02-28T21:34:28","guid":{"rendered":"http:\/\/trailrun.ee\/en\/?page_id=95"},"modified":"2024-06-09T18:24:19","modified_gmt":"2024-06-09T15:24:19","slug":"haanja-ultra100","status":"publish","type":"page","link":"https:\/\/trailrun.ee\/en\/results\/haanja-ultra100\/","title":{"rendered":"Haanja Ultra100"},"content":{"rendered":"<p><a class=\"btn\" href=\"http:\/\/trailrun.ee\/wp-content\/uploads\/2016\/02\/jala2010.pdf\" target=\"_blank\" rel=\"noopener noreferrer\">Haanja Jala100 2010<\/a><\/p>\n<p><a class=\"btn\" href=\"http:\/\/trailrun.ee\/wp-content\/uploads\/2016\/02\/jala2011.pdf\" target=\"_blank\" rel=\"noopener noreferrer\">Haanja Jala100 2011<\/a> <a class=\"btn\" href=\"http:\/\/trailrun.ee\/wp-content\/uploads\/2016\/02\/jala100_results_2011_laps.xls\" target=\"_blank\" rel=\"noopener noreferrer\">Laps 2011<\/a><\/p>\n<p><a class=\"btn\" href=\"http:\/\/trailrun.ee\/wp-content\/uploads\/2016\/02\/jala2012.pdf\" target=\"_blank\" rel=\"noopener noreferrer\">Haanja Jala100 2012<\/a> <a class=\"btn\" href=\"http:\/\/trailrun.ee\/wp-content\/uploads\/2016\/02\/ultra100_results_2012_laps.xls\" target=\"_blank\" rel=\"noopener noreferrer\">Laps 2012<\/a><\/p>\n<p><a class=\"btn\" href=\"http:\/\/trailrun.ee\/wp-content\/uploads\/2016\/02\/jala2013.pdf\" target=\"_blank\" rel=\"noopener noreferrer\">Haanja Jala100 2013<\/a> <a class=\"btn\" href=\"http:\/\/trailrun.ee\/wp-content\/uploads\/2016\/02\/jala100_results_2013_laps.xls\" target=\"_blank\" rel=\"noopener noreferrer\">Laps 2013<\/a><\/p>\n<p><a class=\"btn\" href=\"http:\/\/trailrun.ee\/wp-content\/uploads\/2016\/02\/ultra14.pdf\" target=\"_blank\" rel=\"noopener noreferrer\">Haanja Ultra100 2014<\/a> <a class=\"btn\" href=\"http:\/\/trailrun.ee\/wp-content\/uploads\/2016\/02\/ultra100_results_2014_laps.xls\" target=\"_blank\" rel=\"noopener noreferrer\">Laps 2014<\/a><\/p>\n<p><a class=\"btn\" href=\"http:\/\/trailrun.ee\/wp-content\/uploads\/2016\/02\/ultra2015.pdf\" target=\"_blank\" rel=\"noopener noreferrer\">Haanja Ultra100 2015<\/a> <a class=\"btn\" href=\"http:\/\/trailrun.ee\/wp-content\/uploads\/2016\/02\/ultra_fin_laps_2015.xls\" target=\"_blank\" rel=\"noopener noreferrer\">Laps 2015<\/a><\/p>\n<p><a class=\"btn\" href=\"http:\/\/trailrun.ee\/wp-content\/uploads\/2016\/11\/results_ultra_16.pdf\">Haanja Ultra100 2016<\/a> <a class=\"btn\" href=\"http:\/\/trailrun.ee\/wp-content\/uploads\/2016\/11\/ultra_fin_laps_2016.xls\" target=\"_blank\" rel=\"noopener noreferrer\">Laps 2016<\/a><\/p>\n<p><a class=\"btn\" href=\"http:\/\/trailrun.ee\/wp-content\/uploads\/2017\/11\/results_ultra_17.pdf\">Haanja Ultra100 2017<\/a> <a class=\"btn\" href=\"http:\/\/trailrun.ee\/wp-content\/uploads\/2017\/11\/ultra_fin_laps_2017.xls\" target=\"_blank\" rel=\"noopener noreferrer\">Laps 2017<\/a><\/p>\n<p><a class=\"btn\" href=\"https:\/\/trailrun.ee\/wp-content\/uploads\/2018\/11\/results_ultra_18.pdf\">Haanja Ultra100 2018<\/a> <a class=\"btn\" href=\"https:\/\/trailrun.ee\/wp-content\/uploads\/2018\/11\/ultra_fin_laps_2018-1.xls\" target=\"_blank\" rel=\"noopener noreferrer\">Laps 2018<\/a><\/p>\n<p><a class=\"btn\" href=\"https:\/\/trailrun.ee\/wp-content\/uploads\/2019\/10\/results_ultra_19.pdf\">Haanja Ultra100 2019<\/a> <a class=\"btn\" href=\"https:\/\/trailrun.ee\/wp-content\/uploads\/2019\/10\/ultra_fin_laps_2019.xls\" target=\"_blank\" rel=\"noopener noreferrer\">Laps 2019<\/a><\/p>\n<p><a class=\"btn\" href=\"https:\/\/trailrun.ee\/wp-content\/uploads\/2020\/10\/ultra_results_20.pdf\">Haanja Ultra100 2020<\/a> <a class=\"btn\" href=\"https:\/\/trailrun.ee\/wp-content\/uploads\/2021\/11\/ultra_fin_laps_2020.xls\" target=\"_blank\" rel=\"noopener noreferrer\">Laps 2020<\/a><\/p>\n<p><a class=\"btn\" href=\"https:\/\/trailrun.ee\/wp-content\/uploads\/2021\/11\/ultra21_results.pdf\">Haanja Ultra100 2021<\/a> <a class=\"btn\" href=\"https:\/\/trailrun.ee\/wp-content\/uploads\/2021\/11\/ultra_fin_laps_2021.xls\" target=\"_blank\" rel=\"noopener noreferrer\">Laps 2021<\/a><\/p>\n<p><a class=\"btn\" href=\"https:\/\/trailrun.ee\/wp-content\/uploads\/2022\/10\/results_ultra_22.pdf\">Haanja Ultra100 2022<\/a> <a class=\"btn\" href=\"https:\/\/trailrun.ee\/wp-content\/uploads\/2022\/10\/ultra_fin_laps_2022.xls\" target=\"_blank\" rel=\"noopener noreferrer\">Laps 2022<\/a><\/p>\n<p><a class=\"btn\" href=\"https:\/\/trailrun.ee\/wp-content\/uploads\/2024\/06\/results_23.pdf\">Haanja Ultra100 2023<\/a> <a class=\"btn\" href=\"https:\/\/trailrun.ee\/wp-content\/uploads\/2024\/06\/ultra_fin_laps_2023.xls\" target=\"_blank\" rel=\"noopener noreferrer\">Laps 2023<\/a><\/p>\n","protected":false},"excerpt":{"rendered":"<p>Haanja Jala100 2010 Haanja Jala100 2011 Laps 2011 Haanja Jala100 2012 Laps 2012 Haanja Jala100 2013 Laps 2013 Haanja Ultra100 2014 Laps 2014 Haanja Ultra100 2015 Laps 2015 Haanja Ultra100 2016 Laps 2016 Haanja Ultra100 2017 Laps 2017 Haanja Ultra100 2018 Laps 2018 Haanja Ultra100 2019 Laps 2019 Haanja Ultra100 2020 Laps 2020 Haanja Ultra100 [&hellip;]<\/p>\n","protected":false},"author":1,"featured_media":0,"parent":72,"menu_order":0,"comment_status":"closed","ping_status":"closed","template":"","meta":{"_acf_changed":false,"footnotes":""},"class_list":["post-95","page","type-page","status-publish","hentry"],"acf":[],"yoast_head":"<!-- This site is optimized with the Yoast SEO plugin v27.4 - https:\/\/yoast.com\/product\/yoast-seo-wordpress\/ -->\n<title>Haanja Ultra100 - trailrun.ee<\/title>\n<meta name=\"robots\" content=\"index, follow, max-snippet:-1, max-image-preview:large, max-video-preview:-1\" \/>\n<link rel=\"canonical\" href=\"https:\/\/trailrun.ee\/en\/results\/haanja-ultra100\/\" \/>\n<meta property=\"og:locale\" content=\"en_US\" \/>\n<meta property=\"og:type\" content=\"article\" \/>\n<meta property=\"og:title\" content=\"Haanja Ultra100 - trailrun.ee\" \/>\n<meta property=\"og:description\" content=\"Haanja Jala100 2010 Haanja Jala100 2011 Laps 2011 Haanja Jala100 2012 Laps 2012 Haanja Jala100 2013 Laps 2013 Haanja Ultra100 2014 Laps 2014 Haanja Ultra100 2015 Laps 2015 Haanja Ultra100 2016 Laps 2016 Haanja Ultra100 2017 Laps 2017 Haanja Ultra100 2018 Laps 2018 Haanja Ultra100 2019 Laps 2019 Haanja Ultra100 2020 Laps 2020 Haanja Ultra100 [&hellip;]\" \/>\n<meta property=\"og:url\" content=\"https:\/\/trailrun.ee\/en\/results\/haanja-ultra100\/\" \/>\n<meta property=\"og:site_name\" content=\"trailrun.ee\" \/>\n<meta property=\"article:publisher\" content=\"https:\/\/www.facebook.com\/haanjaultra100\" \/>\n<meta property=\"article:modified_time\" content=\"2024-06-09T15:24:19+00:00\" \/>\n<meta property=\"og:image\" content=\"https:\/\/trailrun.ee\/wp-content\/uploads\/2016\/02\/trailrun_logo.png\" \/>\n\t<meta property=\"og:image:width\" content=\"174\" \/>\n\t<meta property=\"og:image:height\" content=\"90\" \/>\n\t<meta property=\"og:image:type\" content=\"image\/png\" \/>\n<meta name=\"twitter:card\" content=\"summary_large_image\" \/>\n<meta name=\"twitter:label1\" content=\"Est. reading time\" \/>\n\t<meta name=\"twitter:data1\" content=\"1 minute\" \/>\n<script type=\"application\/ld+json\" class=\"yoast-schema-graph\">{\"@context\":\"https:\\\/\\\/schema.org\",\"@graph\":[{\"@type\":\"WebPage\",\"@id\":\"https:\\\/\\\/trailrun.ee\\\/en\\\/results\\\/haanja-ultra100\\\/\",\"url\":\"https:\\\/\\\/trailrun.ee\\\/en\\\/results\\\/haanja-ultra100\\\/\",\"name\":\"Haanja Ultra100 - trailrun.ee\",\"isPartOf\":{\"@id\":\"https:\\\/\\\/trailrun.ee\\\/en\\\/#website\"},\"datePublished\":\"2016-02-28T21:34:28+00:00\",\"dateModified\":\"2024-06-09T15:24:19+00:00\",\"breadcrumb\":{\"@id\":\"https:\\\/\\\/trailrun.ee\\\/en\\\/results\\\/haanja-ultra100\\\/#breadcrumb\"},\"inLanguage\":\"en-US\",\"potentialAction\":[{\"@type\":\"ReadAction\",\"target\":[\"https:\\\/\\\/trailrun.ee\\\/en\\\/results\\\/haanja-ultra100\\\/\"]}]},{\"@type\":\"BreadcrumbList\",\"@id\":\"https:\\\/\\\/trailrun.ee\\\/en\\\/results\\\/haanja-ultra100\\\/#breadcrumb\",\"itemListElement\":[{\"@type\":\"ListItem\",\"position\":1,\"name\":\"Home\",\"item\":\"https:\\\/\\\/trailrun.ee\\\/en\\\/\"},{\"@type\":\"ListItem\",\"position\":2,\"name\":\"Results\",\"item\":\"https:\\\/\\\/trailrun.ee\\\/en\\\/results\\\/\"},{\"@type\":\"ListItem\",\"position\":3,\"name\":\"Haanja Ultra100\"}]},{\"@type\":\"WebSite\",\"@id\":\"https:\\\/\\\/trailrun.ee\\\/en\\\/#website\",\"url\":\"https:\\\/\\\/trailrun.ee\\\/en\\\/\",\"name\":\"trailrun.ee\",\"description\":\"R\u00f5uge Trail Run, P\u00e4\u00e4sk\u00fcla raba maraton, Haanja 100Ultra\",\"publisher\":{\"@id\":\"https:\\\/\\\/trailrun.ee\\\/en\\\/#organization\"},\"potentialAction\":[{\"@type\":\"SearchAction\",\"target\":{\"@type\":\"EntryPoint\",\"urlTemplate\":\"https:\\\/\\\/trailrun.ee\\\/en\\\/?s={search_term_string}\"},\"query-input\":{\"@type\":\"PropertyValueSpecification\",\"valueRequired\":true,\"valueName\":\"search_term_string\"}}],\"inLanguage\":\"en-US\"},{\"@type\":\"Organization\",\"@id\":\"https:\\\/\\\/trailrun.ee\\\/en\\\/#organization\",\"name\":\"trailrun.ee\",\"url\":\"https:\\\/\\\/trailrun.ee\\\/en\\\/\",\"logo\":{\"@type\":\"ImageObject\",\"inLanguage\":\"en-US\",\"@id\":\"https:\\\/\\\/trailrun.ee\\\/en\\\/#\\\/schema\\\/logo\\\/image\\\/\",\"url\":\"https:\\\/\\\/trailrun.ee\\\/wp-content\\\/uploads\\\/2016\\\/02\\\/trailrun_logo.png\",\"contentUrl\":\"https:\\\/\\\/trailrun.ee\\\/wp-content\\\/uploads\\\/2016\\\/02\\\/trailrun_logo.png\",\"width\":174,\"height\":90,\"caption\":\"trailrun.ee\"},\"image\":{\"@id\":\"https:\\\/\\\/trailrun.ee\\\/en\\\/#\\\/schema\\\/logo\\\/image\\\/\"},\"sameAs\":[\"https:\\\/\\\/www.facebook.com\\\/haanjaultra100\"]}]}<\/script>\n<!-- \/ Yoast SEO plugin. -->","yoast_head_json":{"title":"Haanja Ultra100 - trailrun.ee","robots":{"index":"index","follow":"follow","max-snippet":"max-snippet:-1","max-image-preview":"max-image-preview:large","max-video-preview":"max-video-preview:-1"},"canonical":"https:\/\/trailrun.ee\/en\/results\/haanja-ultra100\/","og_locale":"en_US","og_type":"article","og_title":"Haanja Ultra100 - trailrun.ee","og_description":"Haanja Jala100 2010 Haanja Jala100 2011 Laps 2011 Haanja Jala100 2012 Laps 2012 Haanja Jala100 2013 Laps 2013 Haanja Ultra100 2014 Laps 2014 Haanja Ultra100 2015 Laps 2015 Haanja Ultra100 2016 Laps 2016 Haanja Ultra100 2017 Laps 2017 Haanja Ultra100 2018 Laps 2018 Haanja Ultra100 2019 Laps 2019 Haanja Ultra100 2020 Laps 2020 Haanja Ultra100 [&hellip;]","og_url":"https:\/\/trailrun.ee\/en\/results\/haanja-ultra100\/","og_site_name":"trailrun.ee","article_publisher":"https:\/\/www.facebook.com\/haanjaultra100","article_modified_time":"2024-06-09T15:24:19+00:00","og_image":[{"width":174,"height":90,"url":"https:\/\/trailrun.ee\/wp-content\/uploads\/2016\/02\/trailrun_logo.png","type":"image\/png"}],"twitter_card":"summary_large_image","twitter_misc":{"Est. reading time":"1 minute"},"schema":{"@context":"https:\/\/schema.org","@graph":[{"@type":"WebPage","@id":"https:\/\/trailrun.ee\/en\/results\/haanja-ultra100\/","url":"https:\/\/trailrun.ee\/en\/results\/haanja-ultra100\/","name":"Haanja Ultra100 - trailrun.ee","isPartOf":{"@id":"https:\/\/trailrun.ee\/en\/#website"},"datePublished":"2016-02-28T21:34:28+00:00","dateModified":"2024-06-09T15:24:19+00:00","breadcrumb":{"@id":"https:\/\/trailrun.ee\/en\/results\/haanja-ultra100\/#breadcrumb"},"inLanguage":"en-US","potentialAction":[{"@type":"ReadAction","target":["https:\/\/trailrun.ee\/en\/results\/haanja-ultra100\/"]}]},{"@type":"BreadcrumbList","@id":"https:\/\/trailrun.ee\/en\/results\/haanja-ultra100\/#breadcrumb","itemListElement":[{"@type":"ListItem","position":1,"name":"Home","item":"https:\/\/trailrun.ee\/en\/"},{"@type":"ListItem","position":2,"name":"Results","item":"https:\/\/trailrun.ee\/en\/results\/"},{"@type":"ListItem","position":3,"name":"Haanja Ultra100"}]},{"@type":"WebSite","@id":"https:\/\/trailrun.ee\/en\/#website","url":"https:\/\/trailrun.ee\/en\/","name":"trailrun.ee","description":"R\u00f5uge Trail Run, P\u00e4\u00e4sk\u00fcla raba maraton, Haanja 100Ultra","publisher":{"@id":"https:\/\/trailrun.ee\/en\/#organization"},"potentialAction":[{"@type":"SearchAction","target":{"@type":"EntryPoint","urlTemplate":"https:\/\/trailrun.ee\/en\/?s={search_term_string}"},"query-input":{"@type":"PropertyValueSpecification","valueRequired":true,"valueName":"search_term_string"}}],"inLanguage":"en-US"},{"@type":"Organization","@id":"https:\/\/trailrun.ee\/en\/#organization","name":"trailrun.ee","url":"https:\/\/trailrun.ee\/en\/","logo":{"@type":"ImageObject","inLanguage":"en-US","@id":"https:\/\/trailrun.ee\/en\/#\/schema\/logo\/image\/","url":"https:\/\/trailrun.ee\/wp-content\/uploads\/2016\/02\/trailrun_logo.png","contentUrl":"https:\/\/trailrun.ee\/wp-content\/uploads\/2016\/02\/trailrun_logo.png","width":174,"height":90,"caption":"trailrun.ee"},"image":{"@id":"https:\/\/trailrun.ee\/en\/#\/schema\/logo\/image\/"},"sameAs":["https:\/\/www.facebook.com\/haanjaultra100"]}]}},"_links":{"self":[{"href":"https:\/\/trailrun.ee\/en\/wp-json\/wp\/v2\/pages\/95","targetHints":{"allow":["GET"]}}],"collection":[{"href":"https:\/\/trailrun.ee\/en\/wp-json\/wp\/v2\/pages"}],"about":[{"href":"https:\/\/trailrun.ee\/en\/wp-json\/wp\/v2\/types\/page"}],"author":[{"embeddable":true,"href":"https:\/\/trailrun.ee\/en\/wp-json\/wp\/v2\/users\/1"}],"replies":[{"embeddable":true,"href":"https:\/\/trailrun.ee\/en\/wp-json\/wp\/v2\/comments?post=95"}],"version-history":[{"count":20,"href":"https:\/\/trailrun.ee\/en\/wp-json\/wp\/v2\/pages\/95\/revisions"}],"predecessor-version":[{"id":5674,"href":"https:\/\/trailrun.ee\/en\/wp-json\/wp\/v2\/pages\/95\/revisions\/5674"}],"up":[{"embeddable":true,"href":"https:\/\/trailrun.ee\/en\/wp-json\/wp\/v2\/pages\/72"}],"wp:attachment":[{"href":"https:\/\/trailrun.ee\/en\/wp-json\/wp\/v2\/media?parent=95"}],"curies":[{"name":"wp","href":"https:\/\/api.w.org\/{rel}","templated":true}]}}